{"id":14274,"date":"2020-07-20T12:18:57","date_gmt":"2020-07-20T12:23:31","guid":{"rendered":"https:\/\/evotek.md\/?post_type=product&#038;p=14274"},"modified":"2023-03-02T13:17:54","modified_gmt":"2023-03-02T13:17:54","slug":"fierastrau-electric-pentru-carne-m-09362200","status":"publish","type":"product","link":"https:\/\/evotek.md\/ro\/produse\/echipamente-electromecanice\/ferestrau-de-carne-gastronomic\/fierastrau-electric-pentru-carne-m-09362200\/","title":{"rendered":"FIERASTRAU ELECTRIC PENTRU CARNE SI OASE -M-09362200"},"content":{"rendered":"<p><strong>FIERASTRAU ELECTRIC PENTRU CARNE SI OASE -M-09362200- <\/strong>Fier\u0103str\u0103u puternic pentru alimenta\u021bia public\u0103 \u0219i m\u0103cel\u0103rie. Aceast\u0103 ma\u0219in\u0103 robust\u0103 \u0219i compact\u0103 este potrivit\u0103 pentru utilizare profesional\u0103. Potrivit pentru utilizare profesional\u0103. Fierastraul este echipat cu un buton de pornire \u0219i oprire de urgen\u021b\u0103. Carcas\u0103 din aluminiu anodizat. Dotat cu o mas\u0103 spa\u021bioas\u0103, cu o plac\u0103 de calibrare \u0219i \u00eemping\u0103tor de carne. Motorul cu oprire se opre\u0219te \u00een doar 0,2 secunde. Potrivit pentru t\u0103ierea alimentelor congelate.<\/p>\n<p>Caracteristici<\/p>\n<p>Parametri: 1650x16x0,5 mm<\/p>\n<p>Grosimea t\u0103ierii: 5 p\u00e2n\u0103 la 155 mm<\/p>\n<p>Diametrul ro\u021bii: 210 mm<\/p>\n<p>Greutate net\u0103: 47 kg<\/p>\n<p>Dimensiunile mesei de lucru: 505\u0445405 mm<\/p>\n<p>Dimensiunile generale: 550x500x920 mm<\/p>\n<p>Conexiune: 230 V\/ 50 Hz\/ 1-faz\u0103 750 W<\/p>\n<p>&nbsp;<\/p>\n","protected":false},"excerpt":{"rendered":"<p>Fer\u0103str\u0103u electric pentru t\u0103ierea c\u0103rnii. Parametri: 1650x16x0,5 mm; Grosimea t\u0103ierii: de la 5 la 155 mm; Diametrul ro\u021bii: 210 mm; Greutate net\u0103: 47 kg; Dimensiunile mesei de lucru: 505\u0445405 mm; Dimensiuni generale: 550x500x920 mm; Conexiune: 230 V\/ 50 Hz\/ 1 faz\u0103 750 W.<\/p>\n","protected":false},"featured_media":14267,"template":"","meta":[],"_links":{"self":[{"href":"https:\/\/evotek.md\/ro\/wp-json\/wp\/v2\/product\/14274"}],"collection":[{"href":"https:\/\/evotek.md\/ro\/wp-json\/wp\/v2\/product"}],"about":[{"href":"https:\/\/evotek.md\/ro\/wp-json\/wp\/v2\/types\/product"}],"wp:featuredmedia":[{"embeddable":true,"href":"https:\/\/evotek.md\/ro\/wp-json\/wp\/v2\/media\/14267"}],"wp:attachment":[{"href":"https:\/\/evotek.md\/ro\/wp-json\/wp\/v2\/media?parent=14274"}],"curies":[{"name":"wp","href":"https:\/\/api.w.org\/{rel}","templated":true}]}}