{"id":14243,"date":"2020-07-20T08:43:47","date_gmt":"2020-07-20T08:43:47","guid":{"rendered":"https:\/\/evotek.md\/?post_type=product&#038;p=14243"},"modified":"2021-01-25T13:41:28","modified_gmt":"2021-01-25T13:41:28","slug":"racitor-pentru-sucuri-dp1-18-09300530","status":"publish","type":"product","link":"https:\/\/evotek.md\/ro\/produse\/echipamente-pentru-bar-si-cafea\/racitor-de-sucuri\/racitor-pentru-sucuri-dp1-18-09300530\/","title":{"rendered":"R\u0102CITOR PENTRU SUCURI -DP1-18 09300530"},"content":{"rendered":"<p><strong>R\u0102CITOR PENTRU SUCURI -DP1-18 09300530- <\/strong>Raciorul de suc este echipat cu un controler automat de temperatura. Este u\u0219or de cur\u0103\u021bat \u0219i are o capacitate de picurare. Avantajul acestui distribuitor de b\u0103uturi este c\u0103 se r\u0103ce\u0219te rapid \u0219i, \u00een plus, practic nu face zgomot atunci c\u00e2nd este folosit. Acest aparat de buc\u0103t\u0103rie are un sistem de r\u0103cire eficient \u0219i economic. Corp \u0219i m\u00e2ner din inox.<\/p>\n<p>Caracteristici<\/p>\n<p>Dispenser de r\u0103cire: 1&#215;18,0 L<\/p>\n<p>Control automat al temperaturii<\/p>\n<p>R\u0103cire eficient\u0103 \u0219i economic\u0103<\/p>\n<p>Echipat cu palet<\/p>\n<p>Termostat variabil: de la 7 \u00b0 C la 12 \u00b0 C<\/p>\n<p>Refrigerent: R290<\/p>\n<p>Greutate net\u0103: 25 kg<\/p>\n<p>Dimensiuni: 340x450x700 mm<\/p>\n<p>Conexiune: 230 V\/ 50 Hz\/ 1 faz\u0103 151 W<\/p>\n<p>&nbsp;<\/p>\n","protected":false},"excerpt":{"rendered":"<p>R\u0103citor pentru sucuri cu control automat al temperaturii. Dispenser de r\u0103cire: 1&#215;18,0 L;R\u0103cire eficient\u0103 \u0219i economic\u0103; Echipat cu palet; Termostat variabil: de la 7 \u00b0 C la 12 \u00b0 C; Refrigerent: R290; Greutate net\u0103: 25 kg; Dimensiuni: 340x450x700 mm; Conexiune: 230 V\/ 50 Hz\/ 1 faz\u0103 151 W.<\/p>\n","protected":false},"featured_media":14234,"template":"","meta":[],"_links":{"self":[{"href":"https:\/\/evotek.md\/ro\/wp-json\/wp\/v2\/product\/14243"}],"collection":[{"href":"https:\/\/evotek.md\/ro\/wp-json\/wp\/v2\/product"}],"about":[{"href":"https:\/\/evotek.md\/ro\/wp-json\/wp\/v2\/types\/product"}],"wp:featuredmedia":[{"embeddable":true,"href":"https:\/\/evotek.md\/ro\/wp-json\/wp\/v2\/media\/14234"}],"wp:attachment":[{"href":"https:\/\/evotek.md\/ro\/wp-json\/wp\/v2\/media?parent=14243"}],"curies":[{"name":"wp","href":"https:\/\/api.w.org\/{rel}","templated":true}]}}