{"id":14228,"date":"2020-07-17T13:43:12","date_gmt":"2020-07-17T13:43:12","guid":{"rendered":"https:\/\/evotek.md\/?post_type=product&#038;p=14228"},"modified":"2021-07-07T14:56:57","modified_gmt":"2021-07-07T14:56:57","slug":"deshidrator-hkn-dhd10","status":"publish","type":"product","link":"https:\/\/evotek.md\/ro\/produse\/echipamente-termice\/deshidrator\/deshidrator-hkn-dhd10\/","title":{"rendered":"DESHIDRATOR 10 NIVELE -HKN-DHD10"},"content":{"rendered":"<p><strong>DESHIDRATOR 10 NIVELE &#8211;<\/strong><strong>HKN-DHD10<\/strong><strong>&#8211; <\/strong>Acest echipament este destinat utiliz\u0103rii \u00een unit\u0103\u021bile de alimenta\u021bie public\u0103 \u0219i este utilizat pentru deshidratarea (uscarea) produselor precum fructe de p\u0103dure, fructe, legume, pe\u0219te etc. Carcasa este din inox.<\/p>\n<p>Caracteristici<\/p>\n<p>Putere: 1 kW<\/p>\n<p>Tensiune: 230 V<\/p>\n<p>Dimensiuni generale: 420x550x380 mm<\/p>\n<p>Greutate: 16 kg<\/p>\n<p>Cronometru pentru: 15 h<\/p>\n<p>Domeniu de temperatur\u0103: 30-70 \u00b0 C<\/p>\n<p>Dimensiunile grilajului: 396&#215;396 mm<\/p>\n<p>&nbsp;<\/p>\n<p>&nbsp;<\/p>\n","protected":false},"excerpt":{"rendered":"<p>Deshidrator cu 10 nivele. Putere: 1 kW; Tensiune: 230 V; Dimensiuni generale: 420x550x380 mm; Greutate: 16 kg; Cronometru pentru: 15 h; Interval de temperatur\u0103: 30-70 \u00b0 C; Dimensiunile grilajului: 396&#215;396 mm.<\/p>\n","protected":false},"featured_media":14220,"template":"","meta":[],"_links":{"self":[{"href":"https:\/\/evotek.md\/ro\/wp-json\/wp\/v2\/product\/14228"}],"collection":[{"href":"https:\/\/evotek.md\/ro\/wp-json\/wp\/v2\/product"}],"about":[{"href":"https:\/\/evotek.md\/ro\/wp-json\/wp\/v2\/types\/product"}],"wp:featuredmedia":[{"embeddable":true,"href":"https:\/\/evotek.md\/ro\/wp-json\/wp\/v2\/media\/14220"}],"wp:attachment":[{"href":"https:\/\/evotek.md\/ro\/wp-json\/wp\/v2\/media?parent=14228"}],"curies":[{"name":"wp","href":"https:\/\/api.w.org\/{rel}","templated":true}]}}