{"id":14223,"date":"2020-07-17T13:20:39","date_gmt":"2020-07-17T13:20:39","guid":{"rendered":"https:\/\/evotek.md\/?post_type=product&#038;p=14223"},"modified":"2021-07-07T14:58:58","modified_gmt":"2021-07-07T14:58:58","slug":"deshidrator-hkn-dhd6","status":"publish","type":"product","link":"https:\/\/evotek.md\/ro\/produse\/echipamente-termice\/deshidrator\/deshidrator-hkn-dhd6\/","title":{"rendered":"DESHIDRATOR 6 NIVELE -HKN-DHD6"},"content":{"rendered":"<p><strong>DESHIDRATOR 6 NIVELE<\/strong>\u00a0<strong>&#8211;<\/strong><strong>HKN-DHD6<\/strong><strong>&#8211; <\/strong>Acest echipament este destinat utiliz\u0103rii \u00een unit\u0103\u021bile de alimenta\u021bie public\u0103 \u0219i este utilizat pentru deshidratarea (uscarea) produselor precum fructe de p\u0103dure, fructe, legume, pe\u0219te etc. Carcasa este din inox.<\/p>\n<p>Caracteristici<\/p>\n<p>Putere: 0,36 kW<\/p>\n<p>Tensiune: 230 V<\/p>\n<p>Dimensiuni generale: 300x360x350 mm<\/p>\n<p>Greutate: 5,6 kg<\/p>\n<p>Cronometru pentru: 24 h<\/p>\n<p>Domeniu de temperatur\u0103: 30-80 \u00b0 C<\/p>\n<p>Dimensiunile grilajului: 285&#215;200<\/p>\n<p>&nbsp;<\/p>\n","protected":false},"excerpt":{"rendered":"<p>Deshidrator cu 6 nivele. Putere: 0,36 kW; Tensiune: 230 V; Dimensiuni generale: 300x360x350 mm; Greutate: 5,6 kg; Cronometru pentru: 24 h; Interval de temperatur\u0103: 30-80 \u00b0 C; Dimensiunile grilajului: 285&#215;200.<\/p>\n","protected":false},"featured_media":14218,"template":"","meta":[],"_links":{"self":[{"href":"https:\/\/evotek.md\/ro\/wp-json\/wp\/v2\/product\/14223"}],"collection":[{"href":"https:\/\/evotek.md\/ro\/wp-json\/wp\/v2\/product"}],"about":[{"href":"https:\/\/evotek.md\/ro\/wp-json\/wp\/v2\/types\/product"}],"wp:featuredmedia":[{"embeddable":true,"href":"https:\/\/evotek.md\/ro\/wp-json\/wp\/v2\/media\/14218"}],"wp:attachment":[{"href":"https:\/\/evotek.md\/ro\/wp-json\/wp\/v2\/media?parent=14223"}],"curies":[{"name":"wp","href":"https:\/\/api.w.org\/{rel}","templated":true}]}}