{"id":14205,"date":"2020-07-17T09:07:34","date_gmt":"2020-07-17T09:07:34","guid":{"rendered":"https:\/\/evotek.md\/?post_type=product&#038;p=14205"},"modified":"2021-06-18T11:53:15","modified_gmt":"2021-06-18T11:53:15","slug":"cuptor-cu-abur-mec-ge-523-svr","status":"publish","type":"product","link":"https:\/\/evotek.md\/ro\/produse\/echipamente-termice\/cuptoare-cu-abur-2-teplovoe-oborudovanie\/cuptor-cu-abur-mec-ge-523-svr\/","title":{"rendered":"CUPTOR CU ABUR -MEC GE 523 SVR"},"content":{"rendered":"<p><strong>CUPTOR CU ABUR<\/strong> <strong>-MEC GE 523 SVR-<\/strong> Cuptorul cu abur este conceput pentru prepararea unei game largi de feluri de m\u00e2ncare: carne, pe\u0219te, p\u0103s\u0103ri de curte, fructe de mare, legume, \u0219i copturi la unit\u0103\u021bile de alimenta\u021bie public\u0103 \u0219i \u00een atelierele de produc\u021bie, a c\u0103ror activitate este asociat\u0103 cu produc\u021bia de produse gastronomice. Dispozitivul permite preg\u0103tirea a mai multor preparate simultan, f\u0103r\u0103 a le amesteca mirosurile \u0219i gusturile.<\/p>\n<p><strong>*Pentru a beneficia de garan\u021bie este obligatoriu de a fi instalat filtru DVA pentru acest echipament.<\/strong><\/p>\n<p>Caracteristici<\/p>\n<p>Num\u0103r de niveluri: 5 buc<\/p>\n<p>Distan\u021ba dintre niveluri: 70 mm<\/p>\n<p>Tip de recipiente gastronome: 2\/3 GN (352&#215;325 mm)<\/p>\n<p>Intervalul de temperatur\u0103 \u00een interior: 30-285 \u00b0 C<\/p>\n<p>Dimensiuni generale externe: 700x715x700 mm<\/p>\n<p>Parametri de alimentare: 400 V -50-60 V\/ Hz<\/p>\n<p>Putere: 5,4 kW<\/p>\n<p>Greutate: 72 kg<\/p>\n<p>&nbsp;<\/p>\n","protected":false},"excerpt":{"rendered":"<p>Cuptor cu abur cu 5 nivele. Distan\u021ba dintre niveluri: 70 mm; Tip de recipiente gastronome: 2\/3 GN (352&#215;325 mm); Intervalul de temperatur\u0103 \u00een interior: 30-285 \u00b0 C; Dimensiuni generale externe: 700x715x700 mm; Parametri de alimentare: 400 V -50-60 V\/ Hz; Putere: 5,4 kW; Greutate: 72 kg.<\/p>\n<p><strong>*T\u0103vile GN \u0219i t\u0103vile pentru patiserie nu sunt incluse \u00een set.<\/strong><br \/>\n<strong>*Recomand\u0103m instalarea adi\u021bional\u0103 a unui filtru DVA pentru o bun\u0103 func\u021bionare a cuptorului.<\/strong><\/p>\n","protected":false},"featured_media":14204,"template":"","meta":[],"_links":{"self":[{"href":"https:\/\/evotek.md\/ro\/wp-json\/wp\/v2\/product\/14205"}],"collection":[{"href":"https:\/\/evotek.md\/ro\/wp-json\/wp\/v2\/product"}],"about":[{"href":"https:\/\/evotek.md\/ro\/wp-json\/wp\/v2\/types\/product"}],"wp:featuredmedia":[{"embeddable":true,"href":"https:\/\/evotek.md\/ro\/wp-json\/wp\/v2\/media\/14204"}],"wp:attachment":[{"href":"https:\/\/evotek.md\/ro\/wp-json\/wp\/v2\/media?parent=14205"}],"curies":[{"name":"wp","href":"https:\/\/api.w.org\/{rel}","templated":true}]}}