{"id":14169,"date":"2020-07-15T14:46:52","date_gmt":"2020-07-15T14:47:31","guid":{"rendered":"https:\/\/evotek.md\/?post_type=product&#038;p=14169"},"modified":"2023-03-02T12:43:54","modified_gmt":"2023-03-02T12:43:54","slug":"grill-contact-mcg-big-sm-m-09300437","status":"publish","type":"product","link":"https:\/\/evotek.md\/ro\/produse\/echipamente-termice\/grill-contact-panini-sandwich-2\/grill-contact-mcg-big-sm-m-09300437\/","title":{"rendered":"GRILL CONTACT ELECTRIC, DUBLU, NETED -M-09300437"},"content":{"rendered":"<p><strong>GRILL CONTACT ELECTRIC, DUBLU, NETED -M-09300437-<\/strong> echipament necesar pentru utilizarea \u00een buc\u0103t\u0103riile profesionale. Modelul garanteaz\u0103 pr\u0103jirea uniform\u0103 a produsului \u0219i v\u0103 permite, de asemenea, men\u021binerea calit\u0103\u021bii \u0219i gustului s\u0103u, deoarece suprafa\u021ba de lucru a grillul-ui pr\u0103je\u0219re produsul din dou\u0103 p\u0103r\u021bi. \u00a0Temperatura de pr\u0103jire este de la 0 \u00b0 C p\u00e2n\u0103 la 300 \u00b0 C. M\u00e2nerul \u0219i \u00eentregul echipament este din inox, acest model are suprafe\u021be de lucru plate. Dimensiunea suprafe\u021bei superioare este de 214&#215;214 mm. Dimensiunea suprafe\u021bei inferioare de lucru este de 220&#215;235 mm.<\/p>\n<p>Caracteristici<\/p>\n<p>Parametri: 570x305x210 mm<\/p>\n<p>Conexiune: 230 V\/ 50 Hz\/ 1 faz\u0103 1800 W<\/p>\n<p>Greutate net\u0103: 24 kg<\/p>\n<p>&nbsp;<\/p>\n","protected":false},"excerpt":{"rendered":"<p>Grill contact cu suprafete de lucru plate. Echipamentul are dimensiuni de 570x305x210 mm. Este conectat la o re\u021bea de 230 V\/ 50 Hz\/ 1-faz\u0103 1800 W. Masa total\u0103 este de: 24 kg.<\/p>\n","protected":false},"featured_media":14162,"template":"","meta":[],"_links":{"self":[{"href":"https:\/\/evotek.md\/ro\/wp-json\/wp\/v2\/product\/14169"}],"collection":[{"href":"https:\/\/evotek.md\/ro\/wp-json\/wp\/v2\/product"}],"about":[{"href":"https:\/\/evotek.md\/ro\/wp-json\/wp\/v2\/types\/product"}],"wp:featuredmedia":[{"embeddable":true,"href":"https:\/\/evotek.md\/ro\/wp-json\/wp\/v2\/media\/14162"}],"wp:attachment":[{"href":"https:\/\/evotek.md\/ro\/wp-json\/wp\/v2\/media?parent=14169"}],"curies":[{"name":"wp","href":"https:\/\/api.w.org\/{rel}","templated":true}]}}