{"id":14110,"date":"2020-07-14T12:14:45","date_gmt":"2020-07-14T12:15:26","guid":{"rendered":"https:\/\/evotek.md\/?post_type=product&#038;p=14110"},"modified":"2020-10-22T08:52:44","modified_gmt":"2020-10-22T08:52:44","slug":"termos-din-inox-35-l-st-051354","status":"publish","type":"product","link":"https:\/\/evotek.md\/ro\/produse\/accesorii-si-inventar-bucatarie\/recipiente-izolate-termic-pentru-catering-2\/recipiente-izolate-termic-fara-robinet-2\/termos-din-inox-35-l-st-051354\/","title":{"rendered":"TERMOS DIN INOX 35 l -ST-051354"},"content":{"rendered":"<p><strong>TERMOS DIN INOX 35<\/strong> <strong>l<\/strong> <strong>-ST-051354- <\/strong>Termos pentru transportul alimentelor, capac cu sigiliu siliconic, rezistent la abraziune, echipat cu 6 cleme. Baza este fabricat\u0103 din plastic flexibil care protejeaz\u0103 \u00eempotriva deteriorarii mecanice a termosului \u0219i podelei. Are o supap\u0103 de evacuare pentru a elimina presiunea negativ\u0103. Termosul este echipat cu m\u00e2nere ergonomice. Pere\u021bii dubli \u0219i acoperirile sunt izolate cu o spum\u0103 special\u0103 care men\u021bine c\u0103ldura p\u00e2n\u0103 la 8 ore.<\/p>\n<p>Caracteristici<\/p>\n<p>Parametri: 330&#215;585 mm<\/p>\n<p>Capacitate: 35 L<\/p>\n<p>&nbsp;<\/p>\n","protected":false},"excerpt":{"rendered":"<p>Termos din inox, cu o capacitate de 35 litri. Parametri: 330&#215;585 mm.<\/p>\n","protected":false},"featured_media":14098,"template":"","meta":[],"_links":{"self":[{"href":"https:\/\/evotek.md\/ro\/wp-json\/wp\/v2\/product\/14110"}],"collection":[{"href":"https:\/\/evotek.md\/ro\/wp-json\/wp\/v2\/product"}],"about":[{"href":"https:\/\/evotek.md\/ro\/wp-json\/wp\/v2\/types\/product"}],"wp:featuredmedia":[{"embeddable":true,"href":"https:\/\/evotek.md\/ro\/wp-json\/wp\/v2\/media\/14098"}],"wp:attachment":[{"href":"https:\/\/evotek.md\/ro\/wp-json\/wp\/v2\/media?parent=14110"}],"curies":[{"name":"wp","href":"https:\/\/api.w.org\/{rel}","templated":true}]}}