{"id":14088,"date":"2020-07-14T11:33:06","date_gmt":"2020-07-14T11:37:00","guid":{"rendered":"https:\/\/evotek.md\/?post_type=product&#038;p=14088"},"modified":"2024-03-13T13:55:53","modified_gmt":"2024-03-13T13:55:53","slug":"termos-din-inox-10-l-st-051104","status":"publish","type":"product","link":"https:\/\/evotek.md\/ro\/produse\/accesorii-si-inventar-bucatarie\/recipiente-izolate-termic-pentru-catering-2\/recipiente-izolate-termic-fara-robinet-2\/termos-din-inox-10-l-st-051104\/","title":{"rendered":"TERMOS DIN INOX CU IZOLATIE TERMICA, 10 LITRI -ST-051104"},"content":{"rendered":"<p><strong>TERMOS DIN INOX CU IZOLATIE TERMICA, 10 LITRI -ST-051104- <\/strong>Termos pentru transportul alimentelor, capac cu sigiliu siliconic, rezistent la abraziune, echipat cu 6 cleme. Baza este fabricat\u0103 din plastic flexibil care protejeaz\u0103 \u00eempotriva deteriorarii mecanice a termosului \u0219i podelei. Are o supap\u0103 de evacuare pentru a elimina presiunea negativ\u0103. Termosul este echipat cu m\u00e2nere ergonomice. Pere\u021bii dubli \u0219i acoperirile sunt izolate cu o spum\u0103 special\u0103 care men\u021bine c\u0103ldura p\u00e2n\u0103 la 8 ore.<\/p>\n<p>\u2022 recipiente termice pentru transportul alimentelor<br \/>\n\u2022 capac cu etan\u0219are din silicon, rezistent la abraziune, prev\u0103zut cu 6 z\u0103voare<br \/>\n\u2022 baz\u0103 din plastic flexibil pentru a proteja termosul \u0219i podeaua \u00eempotriva deterior\u0103rii mecanice<br \/>\n\u2022 au o supap\u0103 de aerisire pentru eliminarea subpresiunii<br \/>\n\u2022 m\u00e2nerul situat pe capac serve\u0219te doar la mi\u0219carea capacului<\/p>\n<p>Caracteristici<br \/>\nParametri: 330&#215;235 mm<br \/>\nCapacitate: 10 L<\/p>\n<p>&nbsp;<\/p>\n","protected":false},"excerpt":{"rendered":"<p>Termos din inox, cu o capacitate de 10 litri. Parametri: 330&#215;235 mm.<\/p>\n","protected":false},"featured_media":14087,"template":"","meta":[],"_links":{"self":[{"href":"https:\/\/evotek.md\/ro\/wp-json\/wp\/v2\/product\/14088"}],"collection":[{"href":"https:\/\/evotek.md\/ro\/wp-json\/wp\/v2\/product"}],"about":[{"href":"https:\/\/evotek.md\/ro\/wp-json\/wp\/v2\/types\/product"}],"wp:featuredmedia":[{"embeddable":true,"href":"https:\/\/evotek.md\/ro\/wp-json\/wp\/v2\/media\/14087"}],"wp:attachment":[{"href":"https:\/\/evotek.md\/ro\/wp-json\/wp\/v2\/media?parent=14088"}],"curies":[{"name":"wp","href":"https:\/\/api.w.org\/{rel}","templated":true}]}}