{"id":14072,"date":"2020-07-14T10:48:19","date_gmt":"2020-07-14T10:48:19","guid":{"rendered":"https:\/\/evotek.md\/?post_type=product&#038;p=14072"},"modified":"2020-10-22T08:43:12","modified_gmt":"2020-10-22T08:43:12","slug":"termos-din-inox-cu-robinet-15-l-st-052154","status":"publish","type":"product","link":"https:\/\/evotek.md\/ro\/produse\/accesorii-si-inventar-bucatarie\/recipiente-izolate-termic-pentru-catering-2\/recipiente-izolate-termic-cu-robinet-2\/termos-din-inox-cu-robinet-15-l-st-052154\/","title":{"rendered":"TERMOS DIN INOX CU ROBINET 15 l -ST-052154"},"content":{"rendered":"<p><strong>TERMOS DIN INOX CU ROBINET 15 l<\/strong> <strong>-ST-052154- <\/strong>Termos pentru transportul alimentelor, capac cu sigiliu siliconic, rezistent la abraziune, echipat cu 6 cleme. Baza este fabricat\u0103 din plastic flexibil care protejeaz\u0103 \u00eempotriva deteriorarii mecanice a termosului \u0219i podelei. Are o supap\u0103 de evacuare pentru a elimina presiunea negativ\u0103. Termosul este echipat cu m\u00e2nere ergonomice. Pere\u021bii dubli \u0219i acoperirile sunt izolate cu o spum\u0103 special\u0103 care men\u021bine c\u0103ldura p\u00e2n\u0103 la 8 ore.<\/p>\n<p>Caracteristici<\/p>\n<p>Parametri: 330&#215;295 mm<\/p>\n<p>Capacitate: 15 L<\/p>\n<p>&nbsp;<\/p>\n","protected":false},"excerpt":{"rendered":"<p>Termos din inox cu robinet, cu o capacitate de 15 litri. Parametri: 330&#215;295 mm.<\/p>\n","protected":false},"featured_media":14071,"template":"","meta":[],"_links":{"self":[{"href":"https:\/\/evotek.md\/ro\/wp-json\/wp\/v2\/product\/14072"}],"collection":[{"href":"https:\/\/evotek.md\/ro\/wp-json\/wp\/v2\/product"}],"about":[{"href":"https:\/\/evotek.md\/ro\/wp-json\/wp\/v2\/types\/product"}],"wp:featuredmedia":[{"embeddable":true,"href":"https:\/\/evotek.md\/ro\/wp-json\/wp\/v2\/media\/14071"}],"wp:attachment":[{"href":"https:\/\/evotek.md\/ro\/wp-json\/wp\/v2\/media?parent=14072"}],"curies":[{"name":"wp","href":"https:\/\/api.w.org\/{rel}","templated":true}]}}