{"id":14057,"date":"2020-07-14T08:42:46","date_gmt":"2020-07-14T08:45:26","guid":{"rendered":"https:\/\/evotek.md\/?post_type=product&#038;p=14057"},"modified":"2023-02-21T09:49:46","modified_gmt":"2023-02-21T09:49:46","slug":"st-745120","status":"publish","type":"product","link":"https:\/\/evotek.md\/ro\/produse\/echipamente-termice\/suprafete-de-prajire\/st-745120\/","title":{"rendered":"SUPRAFATA DE PRAJIT ELECTRICA, NETEDA+RIFLATA -ST-745120"},"content":{"rendered":"<p><strong>SUPRAFATA DE PRAJIT ELECTRICA, NETEDA+RIFLATA -ST-745120- <\/strong>Scopul suprafe\u021bei de pr\u0103jit este de a pr\u0103ji carne, pe\u0219te \u0219i legume. Suprafa\u021ba de pr\u0103jire este prev\u0103zut\u0103 cu margini perimetrale pentru a preveni stropirea gr\u0103simii \u0219i un colector de gr\u0103simi. Acest echipament este utilizat \u00een restaurante, fast-food, cafenele \u0219i baruri. Suprafe\u021bele de pr\u0103jit sunt o alternativ\u0103 excelent\u0103 la tig\u0103ile de buc\u0103t\u0103rie. De asemenea, este u\u0219or de transportat \u0219i montat.<\/p>\n<p>Caracteristici<\/p>\n<p>Putere: 3,6 kW<\/p>\n<p>Tensiune: 230 V<\/p>\n<p>Tip de suprafa\u021b\u0103: 2\/3 neted\u0103, 1\/3 riflat\u0103<\/p>\n<p>Tip de instalare: de mas\u0103<\/p>\n<p>Dimensiuni generale: 640x440x175 mm<\/p>\n<p>Greutate: 34 kg<\/p>\n<p>Domeniul de control al temperaturii: 50-250 \u00baC<\/p>\n<p>&nbsp;<\/p>\n","protected":false},"excerpt":{"rendered":"<p>Suprafa\u021b\u0103 de pr\u0103jire 2\/3 neted\u0103, 1\/3 riflat\u0103. Putere: 3,6 kW; Tensiune: 230 V; Dimensiuni generale: 640x440x175 mm; Greutate: 34 kg; Domeniul de control al temperaturii: 50-250 \u00baC.<\/p>\n","protected":false},"featured_media":14056,"template":"","meta":[],"_links":{"self":[{"href":"https:\/\/evotek.md\/ro\/wp-json\/wp\/v2\/product\/14057"}],"collection":[{"href":"https:\/\/evotek.md\/ro\/wp-json\/wp\/v2\/product"}],"about":[{"href":"https:\/\/evotek.md\/ro\/wp-json\/wp\/v2\/types\/product"}],"wp:featuredmedia":[{"embeddable":true,"href":"https:\/\/evotek.md\/ro\/wp-json\/wp\/v2\/media\/14056"}],"wp:attachment":[{"href":"https:\/\/evotek.md\/ro\/wp-json\/wp\/v2\/media?parent=14057"}],"curies":[{"name":"wp","href":"https:\/\/api.w.org\/{rel}","templated":true}]}}