{"id":14040,"date":"2020-07-13T08:56:43","date_gmt":"2020-07-13T08:57:26","guid":{"rendered":"https:\/\/evotek.md\/?post_type=product&#038;p=14040"},"modified":"2023-03-06T13:29:55","modified_gmt":"2023-03-06T13:29:55","slug":"masa-frigorifica-cu-chiuveta-st-841062","status":"publish","type":"product","link":"https:\/\/evotek.md\/ro\/produse\/echipamente-frigorifice\/masa-frigider\/masa-frigorifica-cu-chiuveta-st-841062\/","title":{"rendered":"MASA FRIGORIFICA CU BORDUR LA PERETE SI CHIUVETA, 3 USI, 580 LITRI -ST-841062"},"content":{"rendered":"<p><strong>MASA FRIGORIFICA CU BORDUR LA PERETE SI CHIUVETA, 3 USI, 580 LITRI -ST-841062- <\/strong>Temperatura potrivit\u0103 a ingredientelor este fundamentul oric\u0103rei buc\u0103t\u0103rii. Pentru asta este nevoie de dispozitivele corespunz\u0103toare de \u00eenalt\u0103 calitate, cu capacitate mare. Masa frigorific\u0103 cu chiuvet\u0103 este un dispozitiv profesionist \u00een scopuri gastronomice, care, desigur, \u00ee\u0219i va \u00eendeplini perfect sarcina. Carcasa, interiorul \u0219i suprafa\u021ba de lucru a dispozitivului sunt realizate din inox, care garanteaz\u0103 o rezisten\u021b\u0103 ridicat\u0103 la deteriorarea mecanic\u0103 \u0219i coroziune. Masa frigorific\u0103 are circula\u021bie for\u021bat\u0103 a aerului \u0219i izola\u021bie din spum\u0103 poliuretanic\u0103, ceea ce asigur\u0103 o distribu\u021bie uniform\u0103 a temperaturii \u00een interiorul camerei. Un controler electric v\u0103 permite s\u0103 modifica\u021bi u\u0219or set\u0103rile frigiderului, iar un afi\u0219aj clar v\u0103 va anun\u021ba \u00eentotdeauna cu privire la set\u0103rile actuale. Masa frigorific\u0103 este echipat\u0103 cu un sistem automat de dezghe\u021bare \u0219i decongelare, deci nu trebuie s\u0103 pierde\u021bi timp cu el. \u00cen plus, dispozitivul are \u0219i o func\u021bie de scurgere automat\u0103.<\/p>\n<p>Caracteristici<\/p>\n<p>Parametri: 2020x700x850 mm<\/p>\n<p>Dimensiuni chiuvet\u0103: 400x400x150 mm<\/p>\n<p>Temperatur\u0103: -2 \/ +8 \u00b0 C<\/p>\n<p>Tensiune: 230 V<\/p>\n<p>Capacitate: 580 L<\/p>\n<p>&nbsp;<\/p>\n","protected":false},"excerpt":{"rendered":"<p>Mas\u0103 frigorific\u0103 cu 3 u\u0219i \u0219i chiuvet\u0103. Parametri: 2020x700x850 mm; Dimensiuni chiuvet\u0103: 400x400x150 mm; Temperatura: -2 \/ +8 \u00b0 C; Tensiune: 230 V; Capacitate: 580 litri<\/p>\n","protected":false},"featured_media":14039,"template":"","meta":[],"_links":{"self":[{"href":"https:\/\/evotek.md\/ro\/wp-json\/wp\/v2\/product\/14040"}],"collection":[{"href":"https:\/\/evotek.md\/ro\/wp-json\/wp\/v2\/product"}],"about":[{"href":"https:\/\/evotek.md\/ro\/wp-json\/wp\/v2\/types\/product"}],"wp:featuredmedia":[{"embeddable":true,"href":"https:\/\/evotek.md\/ro\/wp-json\/wp\/v2\/media\/14039"}],"wp:attachment":[{"href":"https:\/\/evotek.md\/ro\/wp-json\/wp\/v2\/media?parent=14040"}],"curies":[{"name":"wp","href":"https:\/\/api.w.org\/{rel}","templated":true}]}}