{"id":14013,"date":"2020-07-13T07:20:19","date_gmt":"2020-07-13T07:20:52","guid":{"rendered":"https:\/\/evotek.md\/?post_type=product&#038;p=14013"},"modified":"2022-12-22T12:23:46","modified_gmt":"2022-12-22T12:23:46","slug":"dispozitiv-de-clatire-cu-robinet-st-651525","status":"publish","type":"product","link":"https:\/\/evotek.md\/ro\/produse\/utilaje-pentru-spalare-vase\/dispozitiv-de-clatire\/dispozitiv-de-clatire-cu-robinet-st-651525\/","title":{"rendered":"DISPOZITIV DE CL\u0102TIRE CU ROBINET -ST-651525"},"content":{"rendered":"<p><strong>DISPOZITIV DE CL\u0102TIRE CU ROBINET -ST-<\/strong><strong>651525<\/strong><strong>&#8211; <\/strong>Robinetele \u0219i stropitoarele gastronomice sunt principalele echipamente ale fiec\u0103rei chiuvete din inox. Cu acesta, sp\u0103larea vaselor \u0219i a altor ustensile de buc\u0103t\u0103rie nu este dificil\u0103.<\/p>\n<p>Caracteristici<\/p>\n<p>Gaur\u0103: Una<\/p>\n<p>Pozi\u021bie: vertical\u0103<\/p>\n<p>Pulverizator: Da<\/p>\n<p>Tip: Robinet pentru chiuvet\u0103<\/p>\n<p>1 orificiu pentru pulverizare<\/p>\n<p>Orificiu necesar pentru chiuveta \u00d833-35mm<\/p>\n","protected":false},"excerpt":{"rendered":"<p>\u021aeav\u0103 de du\u0219 cu o singura gaura. Gaur\u0103: Una; Pozi\u021bie: vertical\u0103; Pulverizator: Da; Tip: Robinet pentru chiuvet\u0103. 1 orificiu pentru pulverizare. Orificiu necesar pentru chiuveta \u00d833-35mm<\/p>\n","protected":false},"featured_media":14012,"template":"","meta":[],"_links":{"self":[{"href":"https:\/\/evotek.md\/ro\/wp-json\/wp\/v2\/product\/14013"}],"collection":[{"href":"https:\/\/evotek.md\/ro\/wp-json\/wp\/v2\/product"}],"about":[{"href":"https:\/\/evotek.md\/ro\/wp-json\/wp\/v2\/types\/product"}],"wp:featuredmedia":[{"embeddable":true,"href":"https:\/\/evotek.md\/ro\/wp-json\/wp\/v2\/media\/14012"}],"wp:attachment":[{"href":"https:\/\/evotek.md\/ro\/wp-json\/wp\/v2\/media?parent=14013"}],"curies":[{"name":"wp","href":"https:\/\/api.w.org\/{rel}","templated":true}]}}