{"id":14003,"date":"2020-07-13T07:08:46","date_gmt":"2020-07-13T07:08:46","guid":{"rendered":"https:\/\/evotek.md\/?post_type=product&#038;p=14003"},"modified":"2020-07-29T14:05:27","modified_gmt":"2020-07-29T14:05:27","slug":"dispozitiv-de-clatire-cu-robinet-st-651526","status":"publish","type":"product","link":"https:\/\/evotek.md\/ro\/produse\/utilaje-pentru-spalare-vase\/dispozitiv-de-clatire\/dispozitiv-de-clatire-cu-robinet-st-651526\/","title":{"rendered":"DISPOZITIV DE CL\u0102TIRE CU ROBINET -ST-651526"},"content":{"rendered":"<p><strong>DISPOZITIV DE CL\u0102TIRE CU ROBINET -ST-<\/strong><strong>651526<\/strong><strong>&#8211; <\/strong>Robinetele \u0219i stropitoarele gastronomice sunt principalele echipamente ale fiec\u0103rei chiuvete din inox. Cu acesta, sp\u0103larea vaselor \u0219i a altor ustensile de buc\u0103t\u0103rie nu este dificil\u0103.<\/p>\n<p>Caracteristici<\/p>\n<p>Gaur\u0103: Una<\/p>\n<p>Pozi\u021bie: vertical\u0103<\/p>\n<p>Pulverizator: Da<\/p>\n<p>Tip: Robinet pentru chiuvet\u0103<\/p>\n<p>&nbsp;<\/p>\n","protected":false},"excerpt":{"rendered":"<p>Dispozitiv de cl\u0103tire cu robinet. Gaur\u0103: Una; Pozi\u021bie: vertical\u0103; Pulverizator: Da; Tip: Robinet pentru chiuvet\u0103.<\/p>\n","protected":false},"featured_media":14002,"template":"","meta":[],"_links":{"self":[{"href":"https:\/\/evotek.md\/ro\/wp-json\/wp\/v2\/product\/14003"}],"collection":[{"href":"https:\/\/evotek.md\/ro\/wp-json\/wp\/v2\/product"}],"about":[{"href":"https:\/\/evotek.md\/ro\/wp-json\/wp\/v2\/types\/product"}],"wp:featuredmedia":[{"embeddable":true,"href":"https:\/\/evotek.md\/ro\/wp-json\/wp\/v2\/media\/14002"}],"wp:attachment":[{"href":"https:\/\/evotek.md\/ro\/wp-json\/wp\/v2\/media?parent=14003"}],"curies":[{"name":"wp","href":"https:\/\/api.w.org\/{rel}","templated":true}]}}