{"id":13998,"date":"2020-07-13T07:04:49","date_gmt":"2020-07-13T07:04:49","guid":{"rendered":"https:\/\/evotek.md\/?post_type=product&#038;p=13998"},"modified":"2020-07-29T13:57:00","modified_gmt":"2020-07-29T13:57:00","slug":"dispozitiv-de-clatire-st-651512","status":"publish","type":"product","link":"https:\/\/evotek.md\/ro\/produse\/accesorii-si-inventar-bucatarie\/dispozitiv-de-clatire-st-651512\/","title":{"rendered":"DISPOZITIV DE CL\u0102TIRE -ST-651512"},"content":{"rendered":"<p><strong>DISPOZITIV DE CL\u0102TIRE -ST-<\/strong><strong>651512<\/strong><strong>&#8211; <\/strong>Robinetele \u0219i stropitoarele gastronomice sunt principalele echipamente ale fiec\u0103rei chiuvete din inox. Cu acesta, sp\u0103larea vaselor \u0219i a altor ustensile de buc\u0103t\u0103rie nu este dificil\u0103.<\/p>\n<p>Caracteristici<\/p>\n<p>Gaur\u0103: Una<\/p>\n<p>Pozi\u021bie: vertical\u0103<\/p>\n<p>Pulverizator: Da<\/p>\n<p>Tip: Robinet pentru chiuvet\u0103<\/p>\n<p>&nbsp;<\/p>\n","protected":false},"excerpt":{"rendered":"<p>\u021aeav\u0103 de du\u0219 central\u0103 cu conexiune lung\u0103 din alam\u0103. Gaur\u0103: Una; Pozi\u021bie: vertical\u0103; Pulverizator: Da; Tip: Robinet pentru chiuvet\u0103.<\/p>\n","protected":false},"featured_media":13997,"template":"","meta":[],"_links":{"self":[{"href":"https:\/\/evotek.md\/ro\/wp-json\/wp\/v2\/product\/13998"}],"collection":[{"href":"https:\/\/evotek.md\/ro\/wp-json\/wp\/v2\/product"}],"about":[{"href":"https:\/\/evotek.md\/ro\/wp-json\/wp\/v2\/types\/product"}],"wp:featuredmedia":[{"embeddable":true,"href":"https:\/\/evotek.md\/ro\/wp-json\/wp\/v2\/media\/13997"}],"wp:attachment":[{"href":"https:\/\/evotek.md\/ro\/wp-json\/wp\/v2\/media?parent=13998"}],"curies":[{"name":"wp","href":"https:\/\/api.w.org\/{rel}","templated":true}]}}