{"id":13977,"date":"2020-07-10T13:14:09","date_gmt":"2020-07-10T13:16:43","guid":{"rendered":"https:\/\/evotek.md\/?post_type=product&#038;p=13977"},"modified":"2023-02-14T12:51:13","modified_gmt":"2023-02-14T12:51:13","slug":"dozator-cu-pompa-pentru-sosuri-gn-1-6-st-065166","status":"publish","type":"product","link":"https:\/\/evotek.md\/ro\/produse\/accesorii-si-inventar-bucatarie\/accesorii-neclasificate\/dozator-cu-pompa-pentru-sosuri-gn-1-6-st-065166\/","title":{"rendered":"DISPENSER PENTRU SOS CU POMPA (DOZATOR) GN 1\/6, 2.6 L -ST-065166"},"content":{"rendered":"<p><strong>DISPENSER PENTRU SOS CU POMPA (DOZATOR) GN 1\/6, 2.6 L -ST-065166-<\/strong> Dozator pentru sosuri, ofer\u0103 o anumit\u0103 cantitate de sos, ceea ce simplific\u0103 cu mult lucru \u00een buc\u0103t\u0103rie.<\/p>\n<p>Caracteristici<\/p>\n<p>Parametri: 190x162x176 mm<\/p>\n<p>Capacitate: 2,6 L<\/p>\n<p>&nbsp;<\/p>\n","protected":false},"excerpt":{"rendered":"<p>Dozator pentru sosuri cu capacitatea de 2,6 litri. Parametri: 190x162x176 mm.<\/p>\n","protected":false},"featured_media":13972,"template":"","meta":[],"_links":{"self":[{"href":"https:\/\/evotek.md\/ro\/wp-json\/wp\/v2\/product\/13977"}],"collection":[{"href":"https:\/\/evotek.md\/ro\/wp-json\/wp\/v2\/product"}],"about":[{"href":"https:\/\/evotek.md\/ro\/wp-json\/wp\/v2\/types\/product"}],"wp:featuredmedia":[{"embeddable":true,"href":"https:\/\/evotek.md\/ro\/wp-json\/wp\/v2\/media\/13972"}],"wp:attachment":[{"href":"https:\/\/evotek.md\/ro\/wp-json\/wp\/v2\/media?parent=13977"}],"curies":[{"name":"wp","href":"https:\/\/api.w.org\/{rel}","templated":true}]}}