{"id":13966,"date":"2020-07-10T12:37:19","date_gmt":"2020-07-10T12:38:02","guid":{"rendered":"https:\/\/evotek.md\/?post_type=product&#038;p=13966"},"modified":"2022-10-07T13:47:06","modified_gmt":"2022-10-07T13:47:06","slug":"tava-pentru-pizza-40-cm-st-560401","status":"publish","type":"product","link":"https:\/\/evotek.md\/ro\/produse\/accesorii-si-inventar-bucatarie\/inventar-pizzerie\/tava-pentru-pizza-40-cm-st-560401\/","title":{"rendered":"TAVA PENTRU PIZZA 40 cm -ST-560401"},"content":{"rendered":"<p><strong>TAVA PENTRU PIZZA 40 cm -ST-560401-<\/strong> Tava pentru pizza este indispensabil\u0103 pentru a face pizza uniform\u0103. Dup\u0103 finisare, cur\u0103\u021ba\u021bi, usca\u021bi \u0219i unge\u021bi tava de copt. Acest tratament protejeaz\u0103 forma \u00eempotriva coroziunii.<\/p>\n<p>Caracteristici<\/p>\n<p>\u00cen\u0103l\u021bime: 25 mm<\/p>\n<p>Diametru: 400 mm<\/p>\n<p>&nbsp;<\/p>\n","protected":false},"excerpt":{"rendered":"<p>Tav\u0103 pentru pizza d 40 cm, h 2,5 cm.<\/p>\n","protected":false},"featured_media":13959,"template":"","meta":[],"_links":{"self":[{"href":"https:\/\/evotek.md\/ro\/wp-json\/wp\/v2\/product\/13966"}],"collection":[{"href":"https:\/\/evotek.md\/ro\/wp-json\/wp\/v2\/product"}],"about":[{"href":"https:\/\/evotek.md\/ro\/wp-json\/wp\/v2\/types\/product"}],"wp:featuredmedia":[{"embeddable":true,"href":"https:\/\/evotek.md\/ro\/wp-json\/wp\/v2\/media\/13959"}],"wp:attachment":[{"href":"https:\/\/evotek.md\/ro\/wp-json\/wp\/v2\/media?parent=13966"}],"curies":[{"name":"wp","href":"https:\/\/api.w.org\/{rel}","templated":true}]}}