{"id":13963,"date":"2020-07-10T12:34:10","date_gmt":"2020-07-10T12:34:43","guid":{"rendered":"https:\/\/evotek.md\/?post_type=product&#038;p=13963"},"modified":"2023-06-02T12:00:02","modified_gmt":"2023-06-02T12:00:02","slug":"tava-pentru-pizza-30-cm-st-560301","status":"publish","type":"product","link":"https:\/\/evotek.md\/ro\/produse\/accesorii-si-inventar-bucatarie\/inventar-pizzerie\/tava-pentru-pizza-30-cm-st-560301\/","title":{"rendered":"TAV\u0102 PENTRU PIZZA 300 mm -ST-560301"},"content":{"rendered":"<p><strong>TAV\u0102 PENTRU PIZZA 300 mm -ST-560301-<\/strong> Tava pentru pizza este indispensabil\u0103 pentru a face pizza uniform\u0103. Dup\u0103 finisare, cur\u0103\u021ba\u021bi, usca\u021bi \u0219i unge\u021bi tava de copt. Acest tratament protejeaz\u0103 forma \u00eempotriva coroziunii.<\/p>\n<p>Caracteristici<\/p>\n<p>\u00cen\u0103l\u021bime: 25 mm<\/p>\n<p>Diametru: 300 mm<\/p>\n<p>&nbsp;<\/p>\n","protected":false},"excerpt":{"rendered":"<p>Tav\u0103 pentru pizza. \u00cen\u0103l\u021bime: 25 mm; Diametru: 300 mm.<\/p>\n","protected":false},"featured_media":13959,"template":"","meta":[],"_links":{"self":[{"href":"https:\/\/evotek.md\/ro\/wp-json\/wp\/v2\/product\/13963"}],"collection":[{"href":"https:\/\/evotek.md\/ro\/wp-json\/wp\/v2\/product"}],"about":[{"href":"https:\/\/evotek.md\/ro\/wp-json\/wp\/v2\/types\/product"}],"wp:featuredmedia":[{"embeddable":true,"href":"https:\/\/evotek.md\/ro\/wp-json\/wp\/v2\/media\/13959"}],"wp:attachment":[{"href":"https:\/\/evotek.md\/ro\/wp-json\/wp\/v2\/media?parent=13963"}],"curies":[{"name":"wp","href":"https:\/\/api.w.org\/{rel}","templated":true}]}}