{"id":13960,"date":"2020-07-10T12:31:27","date_gmt":"2020-07-10T12:32:04","guid":{"rendered":"https:\/\/evotek.md\/?post_type=product&#038;p=13960"},"modified":"2020-07-10T12:32:05","modified_gmt":"2020-07-10T12:32:05","slug":"tava-pentru-pizza-26-cm-st-560261","status":"publish","type":"product","link":"https:\/\/evotek.md\/ro\/produse\/accesorii-si-inventar-bucatarie\/inventar-pizzerie\/tava-pentru-pizza-26-cm-st-560261\/","title":{"rendered":"TAV\u0102 PENTRU PIZZA 26 cm -ST-560261"},"content":{"rendered":"<p><strong>TAV\u0102 PENTRU PIZZA 26 cm -ST-560261-<\/strong> Tava pentru pizza este indispensabil\u0103 pentru a face pizza uniform\u0103. Dup\u0103 finisare, cur\u0103\u021ba\u021bi, usca\u021bi \u0219i unge\u021bi tava de copt. Acest tratament protejeaz\u0103 forma \u00eempotriva coroziunii.<\/p>\n<p>Caracteristici<\/p>\n<p>\u00cen\u0103l\u021bime: 25 mm<\/p>\n<p>Diametru: 260 mm<\/p>\n<p>&nbsp;<\/p>\n","protected":false},"excerpt":{"rendered":"<p>Tav\u0103 pentru pizza d 26 cm, h 2,5 cm.<\/p>\n","protected":false},"featured_media":13959,"template":"","meta":[],"_links":{"self":[{"href":"https:\/\/evotek.md\/ro\/wp-json\/wp\/v2\/product\/13960"}],"collection":[{"href":"https:\/\/evotek.md\/ro\/wp-json\/wp\/v2\/product"}],"about":[{"href":"https:\/\/evotek.md\/ro\/wp-json\/wp\/v2\/types\/product"}],"wp:featuredmedia":[{"embeddable":true,"href":"https:\/\/evotek.md\/ro\/wp-json\/wp\/v2\/media\/13959"}],"wp:attachment":[{"href":"https:\/\/evotek.md\/ro\/wp-json\/wp\/v2\/media?parent=13960"}],"curies":[{"name":"wp","href":"https:\/\/api.w.org\/{rel}","templated":true}]}}