{"id":13929,"date":"2020-07-10T07:02:37","date_gmt":"2020-07-10T07:03:35","guid":{"rendered":"https:\/\/evotek.md\/?post_type=product&#038;p=13929"},"modified":"2023-01-17T13:19:15","modified_gmt":"2023-01-17T13:19:15","slug":"plita-electrica-cu-cuptor-co1270e","status":"publish","type":"product","link":"https:\/\/evotek.md\/ro\/produse\/echipamente-termice\/plite-electrice\/plita-electrica-cu-cuptor-co1270e\/","title":{"rendered":"PLITA ELECTRICA CU 6 ARZATOARE SI CUPTOR -CO1270E"},"content":{"rendered":"<p><strong>PLITA ELECTRICA CU 6 ARZATOARE SI CUPTOR -CO1270E- <\/strong>Plit\u0103 electric\u0103 cu \u0219ase arz\u0103toare. Eficien\u021b\u0103 ridicat\u0103 de g\u0103tire \u0219i distribu\u021bie uniform\u0103 a c\u0103ldurii. Fiecare arz\u0103tor are propriul controler, temperatura reglabil\u0103 \u00een intervalul 90-300 \u2103. \u00cen caz de supra\u00eenc\u0103lzire, alimentarea se opre\u0219te automat.<\/p>\n<p>Caracteristici<\/p>\n<p>Dimensiune: 120\u044570\u044590 cm<\/p>\n<p>Tensiune: 400 V<\/p>\n<p>Putere: 15,6+5 kW<\/p>\n<p>Greutate net\u0103: 120 kg<\/p>\n<p>&nbsp;<\/p>\n<p>&nbsp;<\/p>\n","protected":false},"excerpt":{"rendered":"<p>Plit\u0103 electric\u0103 cu \u0219ase arz\u0103toare. Dimensiune: 120\u044570\u044590 cm; Tensiune: 400 V; Putere: 15,6+5 kW; Greutate net\u0103: 120 kg.<\/p>\n","protected":false},"featured_media":13928,"template":"","meta":[],"_links":{"self":[{"href":"https:\/\/evotek.md\/ro\/wp-json\/wp\/v2\/product\/13929"}],"collection":[{"href":"https:\/\/evotek.md\/ro\/wp-json\/wp\/v2\/product"}],"about":[{"href":"https:\/\/evotek.md\/ro\/wp-json\/wp\/v2\/types\/product"}],"wp:featuredmedia":[{"embeddable":true,"href":"https:\/\/evotek.md\/ro\/wp-json\/wp\/v2\/media\/13928"}],"wp:attachment":[{"href":"https:\/\/evotek.md\/ro\/wp-json\/wp\/v2\/media?parent=13929"}],"curies":[{"name":"wp","href":"https:\/\/api.w.org\/{rel}","templated":true}]}}