{"id":13909,"date":"2020-07-09T14:29:57","date_gmt":"2020-07-09T14:31:02","guid":{"rendered":"https:\/\/evotek.md\/?post_type=product&#038;p=13909"},"modified":"2025-08-07T13:21:12","modified_gmt":"2025-08-07T13:21:12","slug":"plita-pe-gaz-cu-cuptor-electric-co1270ge","status":"publish","type":"product","link":"https:\/\/evotek.md\/ro\/produse\/echipamente-termice\/plite-de-gaz\/plita-pe-gaz-cu-cuptor-electric-co1270ge\/","title":{"rendered":"PLITA PE GAZ CU 6 ARZATOARE SI CUPTOR ELECTRIC -CO1270GE"},"content":{"rendered":"<p><strong>PLITA PE GAZ CU 6 ARZATOARE SI CUPTOR ELECTRIC -CO1270GE- <\/strong>Plit\u0103 pe gaz cu \u0219ase arz\u0103toare. Sistem de termocuplare \u0219i aprindere cu control automat. Fiecare arz\u0103tor are propriul controler. Este u\u0219or de cur\u0103\u021bat, rezistent \u0219i igienic, placa este echipat\u0103 cu valve de siguran\u021b\u0103. Plita are cuptor electic.<\/p>\n<p>Caracteristici<br \/>\nDimensiuni: 1200x700x900 mm<br \/>\nTensiune: 400 V<br \/>\nTemperatur\u0103: 300 \u00b0C<br \/>\nConsum de gaz natural: 4.680 m\u00b3\/h<br \/>\nConsum de gaz propan: 1.459 kg\/h<br \/>\nPutere: 39+5 kW<br \/>\nGreutate: 120 kg<br \/>\nCapacitate cuptor: GN 1\/1<br \/>\n\u00cen cuptor se poate introduce o tav\u0103 de: 400\u00d7600 mm<br \/>\nEchipat cu o supap\u0103 de gaz termostatic\u0103<\/p>\n<p>&nbsp;<\/p>\n","protected":false},"excerpt":{"rendered":"<p>Plit\u0103 pe gaz cu \u0219ase arz\u0103toare. Dimensiuni: 1200x700x900 mm; Tensiune: 400 V; Temperatur\u0103: 300 \u00b0C; Consum de gaz natural: 4.680 m\u00b3\/h; Consum de gaz propan: 1.459 kg\/h; Putere: 39+5 kW; Greutate: 120 kg; Capacitate cuptor: GN 1\/1; \u00cen cuptor se poate introduce o tav\u0103 de: 400\u00d7600 mm; Echipat cu o supap\u0103 de gaz termostatic\u0103.<\/p>\n","protected":false},"featured_media":13906,"template":"","meta":[],"_links":{"self":[{"href":"https:\/\/evotek.md\/ro\/wp-json\/wp\/v2\/product\/13909"}],"collection":[{"href":"https:\/\/evotek.md\/ro\/wp-json\/wp\/v2\/product"}],"about":[{"href":"https:\/\/evotek.md\/ro\/wp-json\/wp\/v2\/types\/product"}],"wp:featuredmedia":[{"embeddable":true,"href":"https:\/\/evotek.md\/ro\/wp-json\/wp\/v2\/media\/13906"}],"wp:attachment":[{"href":"https:\/\/evotek.md\/ro\/wp-json\/wp\/v2\/media?parent=13909"}],"curies":[{"name":"wp","href":"https:\/\/api.w.org\/{rel}","templated":true}]}}