{"id":13892,"date":"2020-07-09T13:15:12","date_gmt":"2020-07-09T13:15:12","guid":{"rendered":"https:\/\/evotek.md\/?post_type=product&#038;p=13892"},"modified":"2020-07-24T13:10:23","modified_gmt":"2020-07-24T13:10:23","slug":"carucioare-pentru-vase-emp-baky-2-10","status":"publish","type":"product","link":"https:\/\/evotek.md\/ro\/produse\/mobila-din-inox\/carucioare-pentru-transportare-si-depozitare\/carucioare-pentru-vase-emp-baky-2-10\/","title":{"rendered":"C\u0102RUCIOARE PENTRU VASE -EMP.BAKY.2.10"},"content":{"rendered":"<p><strong>C\u0102RUCIOARE PENTRU VASE <\/strong><strong>-EMP.BAKY.2.10- <\/strong>este destinat pentru unit\u0103\u021bile de alimenta\u021bie public\u0103 \u0219i este utilizat pentru transportarea veselei \u0219i a ustensilelor de buc\u0103t\u0103rie \u00een s\u0103lile unit\u0103\u021bilor de alimenta\u021bie public\u0103, precum \u0219i pentru transportarea vaselor murdare din hol c\u0103tre departamentul de sp\u0103lare.<\/p>\n<p><img class=\"alignnone wp-image-13887\" src=\"https:\/\/evotek.md\/wp-content\/uploads\/2020\/07\/7-ro.png\" alt=\"\" width=\"570\" height=\"104\" srcset=\"https:\/\/evotek.md\/wp-content\/uploads\/2020\/07\/7-ro.png 718w, https:\/\/evotek.md\/wp-content\/uploads\/2020\/07\/7-ro-600x109.png 600w\" sizes=\"(max-width: 570px) 100vw, 570px\" \/><\/p>\n","protected":false},"excerpt":{"rendered":"<p>C\u0103rucioare pentru vase.<\/p>\n<p><strong><em>EMP.BAKY.2.10-<\/em><\/strong> C\u0103rucior cu co\u0219, \u00eenalt- capacitatea de 10 casete; Dimensiuni: 560x530x1650 mm.<\/p>\n","protected":false},"featured_media":13891,"template":"","meta":[],"_links":{"self":[{"href":"https:\/\/evotek.md\/ro\/wp-json\/wp\/v2\/product\/13892"}],"collection":[{"href":"https:\/\/evotek.md\/ro\/wp-json\/wp\/v2\/product"}],"about":[{"href":"https:\/\/evotek.md\/ro\/wp-json\/wp\/v2\/types\/product"}],"wp:featuredmedia":[{"embeddable":true,"href":"https:\/\/evotek.md\/ro\/wp-json\/wp\/v2\/media\/13891"}],"wp:attachment":[{"href":"https:\/\/evotek.md\/ro\/wp-json\/wp\/v2\/media?parent=13892"}],"curies":[{"name":"wp","href":"https:\/\/api.w.org\/{rel}","templated":true}]}}