{"id":13883,"date":"2020-07-09T13:07:22","date_gmt":"2020-07-09T13:07:22","guid":{"rendered":"https:\/\/evotek.md\/?post_type=product&#038;p=13883"},"modified":"2020-07-24T13:04:06","modified_gmt":"2020-07-24T13:04:06","slug":"carucioare-pentru-vase-emp-baka-2-5","status":"publish","type":"product","link":"https:\/\/evotek.md\/ro\/produse\/mobila-din-inox\/carucioare-pentru-transportare-si-depozitare\/carucioare-pentru-vase-emp-baka-2-5\/","title":{"rendered":"C\u0102RUCIOARE PENTRU VASE -EMP.BAKA.2.5"},"content":{"rendered":"<p><strong>C\u0102RUCIOARE PENTRU VASE <\/strong><strong>-EMP.BAKA.2.5- <\/strong>este destinat pentru unit\u0103\u021bile de alimenta\u021bie public\u0103 \u0219i este utilizat pentru transportarea veselei \u0219i a ustensilelor de buc\u0103t\u0103rie \u00een s\u0103lile unit\u0103\u021bilor de alimenta\u021bie public\u0103, precum \u0219i pentru transportarea vaselor murdare din hol c\u0103tre departamentul de sp\u0103lare.<\/p>\n<p><img class=\"alignnone wp-image-13878\" src=\"https:\/\/evotek.md\/wp-content\/uploads\/2020\/07\/6-ro.png\" alt=\"\" width=\"600\" height=\"109\" srcset=\"https:\/\/evotek.md\/wp-content\/uploads\/2020\/07\/6-ro.png 715w, https:\/\/evotek.md\/wp-content\/uploads\/2020\/07\/6-ro-600x109.png 600w\" sizes=\"(max-width: 600px) 100vw, 600px\" \/><\/p>\n","protected":false},"excerpt":{"rendered":"<p>C\u0103rucioare pentru vase.<\/p>\n<p><em><strong>EMP.BAKA.2.5-<\/strong> <\/em>C\u0103rucior cu co\u0219, jos- capacitate de 5 casete; Dimensiuni: 560x530x900 mm.<\/p>\n","protected":false},"featured_media":13882,"template":"","meta":[],"_links":{"self":[{"href":"https:\/\/evotek.md\/ro\/wp-json\/wp\/v2\/product\/13883"}],"collection":[{"href":"https:\/\/evotek.md\/ro\/wp-json\/wp\/v2\/product"}],"about":[{"href":"https:\/\/evotek.md\/ro\/wp-json\/wp\/v2\/types\/product"}],"wp:featuredmedia":[{"embeddable":true,"href":"https:\/\/evotek.md\/ro\/wp-json\/wp\/v2\/media\/13882"}],"wp:attachment":[{"href":"https:\/\/evotek.md\/ro\/wp-json\/wp\/v2\/media?parent=13883"}],"curies":[{"name":"wp","href":"https:\/\/api.w.org\/{rel}","templated":true}]}}