{"id":13874,"date":"2020-07-09T12:48:57","date_gmt":"2020-07-09T12:48:57","guid":{"rendered":"https:\/\/evotek.md\/?post_type=product&#038;p=13874"},"modified":"2020-07-24T13:22:34","modified_gmt":"2020-07-24T13:22:34","slug":"carucioare-pentru-vase-emp-tt-2-7050","status":"publish","type":"product","link":"https:\/\/evotek.md\/ro\/produse\/mobila-din-inox\/carucioare-pentru-transportare-si-depozitare\/carucioare-pentru-vase-emp-tt-2-7050\/","title":{"rendered":"C\u0102RUCIOARE PENTRU VASE -EMP.TT.2.7050"},"content":{"rendered":"<p><strong>C\u0102RUCIOARE PENTRU VASE <\/strong><strong>-EMP.TT.2.7050- <\/strong>este destinat pentru unit\u0103\u021bile de alimenta\u021bie public\u0103 \u0219i este utilizat pentru transportarea veselei \u0219i a ustensilelor de buc\u0103t\u0103rie \u00een s\u0103lile unit\u0103\u021bilor de alimenta\u021bie public\u0103, precum \u0219i pentru transportarea vaselor murdare din hol c\u0103tre departamentul de sp\u0103lare.<\/p>\n<p><img class=\"alignnone wp-image-13871\" src=\"https:\/\/evotek.md\/wp-content\/uploads\/2020\/07\/5-ro.png\" alt=\"\" width=\"557\" height=\"99\" srcset=\"https:\/\/evotek.md\/wp-content\/uploads\/2020\/07\/5-ro.png 714w, https:\/\/evotek.md\/wp-content\/uploads\/2020\/07\/5-ro-600x107.png 600w\" sizes=\"(max-width: 557px) 100vw, 557px\" \/><\/p>\n","protected":false},"excerpt":{"rendered":"<p>C\u0103rucioare pentru vase.<\/p>\n<p><em><strong>EMP.TT.2.7050-<\/strong> <\/em>C\u0103rucior pentru tave- Tray- 70&#215;50; Dimensiuni: 560x730x1700 mm.<\/p>\n","protected":false},"featured_media":13843,"template":"","meta":[],"_links":{"self":[{"href":"https:\/\/evotek.md\/ro\/wp-json\/wp\/v2\/product\/13874"}],"collection":[{"href":"https:\/\/evotek.md\/ro\/wp-json\/wp\/v2\/product"}],"about":[{"href":"https:\/\/evotek.md\/ro\/wp-json\/wp\/v2\/types\/product"}],"wp:featuredmedia":[{"embeddable":true,"href":"https:\/\/evotek.md\/ro\/wp-json\/wp\/v2\/media\/13843"}],"wp:attachment":[{"href":"https:\/\/evotek.md\/ro\/wp-json\/wp\/v2\/media?parent=13874"}],"curies":[{"name":"wp","href":"https:\/\/api.w.org\/{rel}","templated":true}]}}