{"id":13867,"date":"2020-07-09T12:40:15","date_gmt":"2020-07-09T12:40:15","guid":{"rendered":"https:\/\/evotek.md\/?post_type=product&#038;p=13867"},"modified":"2020-07-24T13:17:07","modified_gmt":"2020-07-24T13:17:07","slug":"carucioare-pentru-vase-emp-tt-2-6040","status":"publish","type":"product","link":"https:\/\/evotek.md\/ro\/produse\/mobila-din-inox\/carucioare-pentru-transportare-si-depozitare\/carucioare-pentru-vase-emp-tt-2-6040\/","title":{"rendered":"C\u0102RUCIOARE PENTRU VASE -EMP.TT.2.6040"},"content":{"rendered":"<p><strong>C\u0102RUCIOARE PENTRU VASE <\/strong><strong>-EMP.TT.2.6040- <\/strong>este destinat pentru unit\u0103\u021bile de alimenta\u021bie public\u0103 \u0219i este utilizat pentru transportarea veselei \u0219i a ustensilelor de buc\u0103t\u0103rie \u00een s\u0103lile unit\u0103\u021bilor de alimenta\u021bie public\u0103, precum \u0219i pentru transportarea vaselor murdare din hol c\u0103tre departamentul de sp\u0103lare.<\/p>\n<p><img class=\"alignnone wp-image-13862\" src=\"https:\/\/evotek.md\/wp-content\/uploads\/2020\/07\/4-ro-1-800x180.png\" alt=\"\" width=\"693\" height=\"156\" srcset=\"https:\/\/evotek.md\/wp-content\/uploads\/2020\/07\/4-ro-1-800x180.png 800w, https:\/\/evotek.md\/wp-content\/uploads\/2020\/07\/4-ro-1-768x173.png 768w, https:\/\/evotek.md\/wp-content\/uploads\/2020\/07\/4-ro-1-600x135.png 600w, https:\/\/evotek.md\/wp-content\/uploads\/2020\/07\/4-ro-1.png 848w\" sizes=\"(max-width: 693px) 100vw, 693px\" \/><\/p>\n","protected":false},"excerpt":{"rendered":"<p>C\u0103rucioare pentru vase.<\/p>\n<p><em><strong>EMP.TT.2.6040-<\/strong> <\/em>C\u0103rucior pentru tave- Tray-Single 60&#215;40; Dimensiuni: 460x630x1650 mm; Capacitate tav\u0103: 15.<br \/>\n<em><strong>EMP.2TT.2.6040-<\/strong> <\/em>C\u0103rucior pentru tave- Tray-Twin 60&#215;40; Dimensiuni: 900x630x1650 mm; Capacitate tav\u0103: 30.<\/p>\n","protected":false},"featured_media":13866,"template":"","meta":[],"_links":{"self":[{"href":"https:\/\/evotek.md\/ro\/wp-json\/wp\/v2\/product\/13867"}],"collection":[{"href":"https:\/\/evotek.md\/ro\/wp-json\/wp\/v2\/product"}],"about":[{"href":"https:\/\/evotek.md\/ro\/wp-json\/wp\/v2\/types\/product"}],"wp:featuredmedia":[{"embeddable":true,"href":"https:\/\/evotek.md\/ro\/wp-json\/wp\/v2\/media\/13866"}],"wp:attachment":[{"href":"https:\/\/evotek.md\/ro\/wp-json\/wp\/v2\/media?parent=13867"}],"curies":[{"name":"wp","href":"https:\/\/api.w.org\/{rel}","templated":true}]}}