{"id":13858,"date":"2020-07-09T12:15:37","date_gmt":"2020-07-09T12:15:37","guid":{"rendered":"https:\/\/evotek.md\/?post_type=product&#038;p=13858"},"modified":"2020-07-24T13:01:24","modified_gmt":"2020-07-24T13:01:24","slug":"carucioare-pentru-vase-emp-ba-2-gn2-9","status":"publish","type":"product","link":"https:\/\/evotek.md\/ro\/produse\/mobila-din-inox\/carucioare-pentru-transportare-si-depozitare\/carucioare-pentru-vase-emp-ba-2-gn2-9\/","title":{"rendered":"C\u0102RUCIOARE PENTRU VASE -EMP.BA.2.GN2-9"},"content":{"rendered":"<p><strong>C\u0102RUCIOARE PENTRU VASE <\/strong><strong>-EMP.BA.2.GN2-9- <\/strong>este destinat pentru unit\u0103\u021bile de alimenta\u021bie public\u0103 \u0219i este utilizat pentru transportarea veselei \u0219i a ustensilelor de buc\u0103t\u0103rie \u00een s\u0103lile unit\u0103\u021bilor de alimenta\u021bie public\u0103, precum \u0219i pentru transportarea vaselor murdare din hol c\u0103tre departamentul de sp\u0103lare.<\/p>\n<p><img class=\"alignnone wp-image-13855\" src=\"https:\/\/evotek.md\/wp-content\/uploads\/2020\/07\/3-ro-4-800x210.png\" alt=\"\" width=\"701\" height=\"184\" srcset=\"https:\/\/evotek.md\/wp-content\/uploads\/2020\/07\/3-ro-4-800x210.png 800w, https:\/\/evotek.md\/wp-content\/uploads\/2020\/07\/3-ro-4-768x201.png 768w, https:\/\/evotek.md\/wp-content\/uploads\/2020\/07\/3-ro-4-600x157.png 600w, https:\/\/evotek.md\/wp-content\/uploads\/2020\/07\/3-ro-4.png 947w\" sizes=\"(max-width: 701px) 100vw, 701px\" \/><\/p>\n","protected":false},"excerpt":{"rendered":"<p>C\u0103rucioare pentru vase.<\/p>\n<p><em><strong>EMP.BA.2.GN2-9-<\/strong> <\/em>Descriere: C\u0103rucior pentru transportare, jos- unu GN 2\/1; Dimensiuni: 590x680x1050 mm; Capacitate GN 2\/1: 9.<br \/>\n<em><strong>EMP.BA.2.GN2-17-<\/strong> <\/em>Descriere: C\u0103rucior pentru transportare, \u00eenalt- unu GN 2\/1; Dimensiuni: 590x680x1720 mm; Capacitate GN 2\/1:17.<br \/>\n<em><strong>EMP.BA.2.GN2-34-<\/strong><\/em> Descriere: C\u0103rucior pentru transportare, \u00eenalt- dou\u0103 GN 2\/1; Dimensiuni: 1150x680x1720 mm; Capacitate GN 2\/1: 34.<\/p>\n","protected":false},"featured_media":13843,"template":"","meta":[],"_links":{"self":[{"href":"https:\/\/evotek.md\/ro\/wp-json\/wp\/v2\/product\/13858"}],"collection":[{"href":"https:\/\/evotek.md\/ro\/wp-json\/wp\/v2\/product"}],"about":[{"href":"https:\/\/evotek.md\/ro\/wp-json\/wp\/v2\/types\/product"}],"wp:featuredmedia":[{"embeddable":true,"href":"https:\/\/evotek.md\/ro\/wp-json\/wp\/v2\/media\/13843"}],"wp:attachment":[{"href":"https:\/\/evotek.md\/ro\/wp-json\/wp\/v2\/media?parent=13858"}],"curies":[{"name":"wp","href":"https:\/\/api.w.org\/{rel}","templated":true}]}}