{"id":13850,"date":"2020-07-09T11:06:27","date_gmt":"2020-07-09T11:06:27","guid":{"rendered":"https:\/\/evotek.md\/?post_type=product&#038;p=13850"},"modified":"2020-07-24T12:45:44","modified_gmt":"2020-07-24T12:45:44","slug":"carucioare-pentru-vase-emp-ba-2-gn-9","status":"publish","type":"product","link":"https:\/\/evotek.md\/ro\/produse\/mobila-din-inox\/carucioare-pentru-transportare-si-depozitare\/carucioare-pentru-vase-emp-ba-2-gn-9\/","title":{"rendered":"C\u0102RUCIOARE PENTRU VASE -EMP.BA.2.GN-9"},"content":{"rendered":"<p><strong>C\u0102RUCIOARE PENTRU VASE <\/strong><strong>-EMP.BA.2.GN-9- <\/strong>este destinat pentru unit\u0103\u021bile de alimenta\u021bie public\u0103 \u0219i este utilizat pentru transportarea veselei \u0219i a ustensilelor de buc\u0103t\u0103rie \u00een s\u0103lile unit\u0103\u021bilor de alimenta\u021bie public\u0103, precum \u0219i pentru transportarea vaselor murdare din hol c\u0103tre departamentul de sp\u0103lare.<\/p>\n<p><img class=\"alignnone wp-image-13847\" src=\"https:\/\/evotek.md\/wp-content\/uploads\/2020\/07\/2-ro-4-800x208.png\" alt=\"\" width=\"704\" height=\"183\" srcset=\"https:\/\/evotek.md\/wp-content\/uploads\/2020\/07\/2-ro-4-800x208.png 800w, https:\/\/evotek.md\/wp-content\/uploads\/2020\/07\/2-ro-4-768x199.png 768w, https:\/\/evotek.md\/wp-content\/uploads\/2020\/07\/2-ro-4-600x156.png 600w, https:\/\/evotek.md\/wp-content\/uploads\/2020\/07\/2-ro-4.png 955w\" sizes=\"(max-width: 704px) 100vw, 704px\" \/><\/p>\n","protected":false},"excerpt":{"rendered":"<p>C\u0103rucioare pentru vase.<\/p>\n<p><em><strong>EMP.BA.2.GN-9-<\/strong><\/em> Descriere: C\u0103rucior pentru transportare, jos-unu GN 1\/1; Dimensiuni: 380x560x1050 mm; Capacitate GN 1\/1: 9.<br \/>\n<em><strong>EMP.BA.2.GN-17-<\/strong><\/em> Descriere: C\u0103rucior pentru transportare, \u00eenalt-unu GN 1\/1; Dimensiuni: 380x560x1720 mm; Capacitate GN 1\/1: 17.<br \/>\n<em><strong>EMP.BA.2.GN-34-<\/strong> <\/em>Descriere: C\u0103rucior pentru transportare, \u00eenalt-dou\u0103 GN 1\/1; Dimensiuni: 740x560x1720 mm; Capacitate GN 1\/1: 34.<\/p>\n","protected":false},"featured_media":13841,"template":"","meta":[],"_links":{"self":[{"href":"https:\/\/evotek.md\/ro\/wp-json\/wp\/v2\/product\/13850"}],"collection":[{"href":"https:\/\/evotek.md\/ro\/wp-json\/wp\/v2\/product"}],"about":[{"href":"https:\/\/evotek.md\/ro\/wp-json\/wp\/v2\/types\/product"}],"wp:featuredmedia":[{"embeddable":true,"href":"https:\/\/evotek.md\/ro\/wp-json\/wp\/v2\/media\/13841"}],"wp:attachment":[{"href":"https:\/\/evotek.md\/ro\/wp-json\/wp\/v2\/media?parent=13850"}],"curies":[{"name":"wp","href":"https:\/\/api.w.org\/{rel}","templated":true}]}}