{"id":13835,"date":"2020-07-09T10:21:47","date_gmt":"2020-07-09T10:21:47","guid":{"rendered":"https:\/\/evotek.md\/?post_type=product&#038;p=13835"},"modified":"2020-07-24T12:36:19","modified_gmt":"2020-07-24T12:36:19","slug":"carucioare-pentru-vase-murdare-emp-ba-2-3753-13","status":"publish","type":"product","link":"https:\/\/evotek.md\/ro\/produse\/mobila-din-inox\/carucioare-pentru-transportare-si-depozitare\/carucioare-pentru-vase-murdare-emp-ba-2-3753-13\/","title":{"rendered":"C\u0102RUCIOARE PENTRU VASE -EMP.BA.2.3753-13"},"content":{"rendered":"<p><strong>C\u0102RUCIOARE PENTRU VASE <\/strong><strong>-EMP.BA.2.3753-13- <\/strong>este destinat pentru unit\u0103\u021bile de alimenta\u021bie public\u0103 \u0219i este utilizat pentru transportarea veselei \u0219i a ustensilelor de buc\u0103t\u0103rie \u00een s\u0103lile unit\u0103\u021bilor de alimenta\u021bie public\u0103, precum \u0219i pentru transportarea vaselor murdare din hol c\u0103tre departamentul de sp\u0103lare.<\/p>\n<p><img class=\"alignnone wp-image-13832\" src=\"https:\/\/evotek.md\/wp-content\/uploads\/2020\/07\/1-ro-2-800x207.png\" alt=\"\" width=\"723\" height=\"187\" srcset=\"https:\/\/evotek.md\/wp-content\/uploads\/2020\/07\/1-ro-2-800x207.png 800w, https:\/\/evotek.md\/wp-content\/uploads\/2020\/07\/1-ro-2-768x198.png 768w, https:\/\/evotek.md\/wp-content\/uploads\/2020\/07\/1-ro-2-600x155.png 600w, https:\/\/evotek.md\/wp-content\/uploads\/2020\/07\/1-ro-2.png 952w\" sizes=\"(max-width: 723px) 100vw, 723px\" \/><\/p>\n","protected":false},"excerpt":{"rendered":"<p>C\u0103rucioare pentru vase.<\/p>\n<p><em><strong>EMP.BA.2.3753-13<\/strong><\/em>&#8211; Descriere: c\u0103rucior pentru tave, cu un singur r\u00e2nd, pentru 37&#215;53; Dimensiuni: 430x560x1710 mm; Capacitatea tavei: 13-15.<br \/>\n<em><strong>EMP.BA.2.3753-26<\/strong><\/em>&#8211; Descriere: c\u0103rucior pentru tave, cu dou\u0103 r\u00e2nduri, pentru 37&#215;53; Dimensiuni: 430x560x1710 mm; Capacitatea tavei: 26-30.<br \/>\n<em><strong>EMP.BA.2.3753-39<\/strong><\/em>&#8211; Descriere: c\u0103rucior pentru tave, cu trei r\u00e2nduri, pentru 37&#215;53; Dimensiuni: 1230x560x1710 mm; Capacitatea tavei: 39-45.<\/p>\n","protected":false},"featured_media":13839,"template":"","meta":[],"_links":{"self":[{"href":"https:\/\/evotek.md\/ro\/wp-json\/wp\/v2\/product\/13835"}],"collection":[{"href":"https:\/\/evotek.md\/ro\/wp-json\/wp\/v2\/product"}],"about":[{"href":"https:\/\/evotek.md\/ro\/wp-json\/wp\/v2\/types\/product"}],"wp:featuredmedia":[{"embeddable":true,"href":"https:\/\/evotek.md\/ro\/wp-json\/wp\/v2\/media\/13839"}],"wp:attachment":[{"href":"https:\/\/evotek.md\/ro\/wp-json\/wp\/v2\/media?parent=13835"}],"curies":[{"name":"wp","href":"https:\/\/api.w.org\/{rel}","templated":true}]}}