{"id":13825,"date":"2020-07-09T09:28:03","date_gmt":"2020-07-09T09:28:03","guid":{"rendered":"https:\/\/evotek.md\/?post_type=product&#038;p=13825"},"modified":"2020-10-15T10:00:45","modified_gmt":"2020-10-15T10:00:45","slug":"rafturi-perforate-cu-4-nivele-1800-mm-emp-d-3-5376-18-4-d","status":"publish","type":"product","link":"https:\/\/evotek.md\/ro\/produse\/rafturi-depozitare\/rafturi-perforate\/rafturi-perforate-cu-4-nivele-1800-mm-emp-d-3-5376-18-4-d\/","title":{"rendered":"RAFT PERFORAT CU 4 NIVELE (1800 mm)-EMP.D.2.61183-18-4-D"},"content":{"rendered":"<p><strong>RAFT PERFORAT CU 4 NIVELE<\/strong> <strong>(1<\/strong><strong>8<\/strong><strong>00 mm)<\/strong><strong>&#8211;<em>EMP.D.2.61183-18-4-D-<\/em>\u00a0<\/strong> Este destinat depozit\u0103rii ustensilelor de buc\u0103t\u0103rie \u0219i a produselor alimentare ambalate la \u00eentreprinderile de alimenta\u021bie public\u0103 \u0219i comer\u021b. Designul suportului include 4 rafturi.<\/p>\n<p>Caracteristici<\/p>\n<p>Dimensiuni mm: 610x1830x1800<\/p>\n","protected":false},"excerpt":{"rendered":"<p>Raft perforat cu 4 nivele. Dimensiuni mm: 610x1830x1800<\/p>\n","protected":false},"featured_media":13803,"template":"","meta":[],"_links":{"self":[{"href":"https:\/\/evotek.md\/ro\/wp-json\/wp\/v2\/product\/13825"}],"collection":[{"href":"https:\/\/evotek.md\/ro\/wp-json\/wp\/v2\/product"}],"about":[{"href":"https:\/\/evotek.md\/ro\/wp-json\/wp\/v2\/types\/product"}],"wp:featuredmedia":[{"embeddable":true,"href":"https:\/\/evotek.md\/ro\/wp-json\/wp\/v2\/media\/13803"}],"wp:attachment":[{"href":"https:\/\/evotek.md\/ro\/wp-json\/wp\/v2\/media?parent=13825"}],"curies":[{"name":"wp","href":"https:\/\/api.w.org\/{rel}","templated":true}]}}