{"id":13795,"date":"2020-07-09T08:20:24","date_gmt":"2020-07-09T08:20:24","guid":{"rendered":"https:\/\/evotek.md\/?post_type=product&#038;p=13795"},"modified":"2020-10-12T08:37:52","modified_gmt":"2020-10-12T08:37:52","slug":"rafturi-netede-cu-4-nivele-1800-mm-emp-d-3-5376-18-4","status":"publish","type":"product","link":"https:\/\/evotek.md\/ro\/produse\/rafturi-depozitare\/rafturi-plate\/rafturi-netede-cu-4-nivele-1800-mm-emp-d-3-5376-18-4\/","title":{"rendered":"RAFT NETED CU 4 NIVELE (1800 mm)-"},"content":{"rendered":"<p><strong>RAFT NETED CU 4 NIVELE<\/strong> <strong>(1<\/strong><strong>8<\/strong><strong>00 mm)- <\/strong>Este destinat depozit\u0103rii ustensilelor de buc\u0103t\u0103rie \u0219i a produselor alimentare ambalate la \u00eentreprinderile de alimenta\u021bie public\u0103 \u0219i comer\u021b. Designul suportului include 4 rafturi.<\/p>\n<p>Caracteristici<\/p>\n","protected":false},"excerpt":{"rendered":"<p>Raft neted cu 4 nivele.<\/p>\n<p><em><strong>-EMP.D.2.5376-18-4-<\/strong><\/em> Dimensiuni mm: 530x760x1800<br \/>\n<strong><em>-EMP.D.2.5391-18-4-<\/em> <\/strong>Dimensiuni mm: 530x910x1800<br \/>\n<strong><em>-EMP.D.2.53107-18-4-<\/em><\/strong> Dimensiuni mm: 530x1070x1800<br \/>\n<em><strong>EMP.D.2.53122-18-4-<\/strong> <\/em>Dimensiuni mm: 530x1220x1800<br \/>\n<em><strong>EMP.D.2.53137-18-4-<\/strong> <\/em>Dimensiuni mm: 530x1370x1800<br \/>\n<em><strong>EMP.D.2.53152-18-4-<\/strong><\/em> Dimensiuni mm: 530x1520x1800<br \/>\n<em><strong>EMP.D.2.53183-18-4-<\/strong><\/em> Dimensiuni mm: 530x1830x1800<br \/>\n\/\/\/<br \/>\n<strong><em>EMP.D.2.6176-18-4-<\/em> <\/strong>Dimensiuni mm: 610x760x1800<br \/>\n<em><strong>EMP.D.2.6191-18-4-<\/strong> <\/em>Dimensiuni mm: 610x910x1800<br \/>\n<em><strong>EMP.D.2.61107-18-4-<\/strong> <\/em>Dimensiuni mm: 610x1070x1800<br \/>\n<em><strong>EMP.D.2.61122-18-4-<\/strong><\/em> Dimensiuni mm: 610x1220x1800<br \/>\n<em><strong>EMP.D.2.61137-18-4-<\/strong> <\/em>Dimensiuni mm: 610x1370x1800<br \/>\n<strong><em>EMP.D.2.61152-18-4-<\/em> <\/strong>Dimensiuni mm: 610x1520x1800<br \/>\n<em><strong>EMP.D.2.61183-18-4-<\/strong><\/em> Dimensiuni mm: 610x1830x1800<\/p>\n","protected":false},"featured_media":13777,"template":"","meta":[],"_links":{"self":[{"href":"https:\/\/evotek.md\/ro\/wp-json\/wp\/v2\/product\/13795"}],"collection":[{"href":"https:\/\/evotek.md\/ro\/wp-json\/wp\/v2\/product"}],"about":[{"href":"https:\/\/evotek.md\/ro\/wp-json\/wp\/v2\/types\/product"}],"wp:featuredmedia":[{"embeddable":true,"href":"https:\/\/evotek.md\/ro\/wp-json\/wp\/v2\/media\/13777"}],"wp:attachment":[{"href":"https:\/\/evotek.md\/ro\/wp-json\/wp\/v2\/media?parent=13795"}],"curies":[{"name":"wp","href":"https:\/\/api.w.org\/{rel}","templated":true}]}}