{"id":13788,"date":"2020-07-09T08:07:21","date_gmt":"2020-07-09T08:07:21","guid":{"rendered":"https:\/\/evotek.md\/?post_type=product&#038;p=13788"},"modified":"2020-10-01T14:17:54","modified_gmt":"2020-10-01T14:17:54","slug":"rafturi-netede-cu-4-nivele-1800-mm-emp-d-3-3676-18-4","status":"publish","type":"product","link":"https:\/\/evotek.md\/ro\/produse\/rafturi-depozitare\/rafturi-plate\/rafturi-netede-cu-4-nivele-1800-mm-emp-d-3-3676-18-4\/","title":{"rendered":"RAFT NETED CU 4 NIVELE (1800 mm)-"},"content":{"rendered":"<p><strong>RAFT NETED CU 4 NIVELE<\/strong> <strong>(1<\/strong><strong>8<\/strong><strong>00 mm)- <\/strong>Este destinat depozit\u0103rii ustensilelor de buc\u0103t\u0103rie \u0219i a produselor alimentare ambalate la \u00eentreprinderile de alimenta\u021bie public\u0103 \u0219i comer\u021b. Designul suportului include 4 rafturi.<\/p>\n<p>Caracteristici<\/p>\n","protected":false},"excerpt":{"rendered":"<p>Raft neted cu 4 nivele.<\/p>\n<p><em><strong>-EMP.D.3.3676-18-4-<\/strong><\/em> Dimensiuni mm: 360x760x1800<br \/>\n<em><strong>-EMP.D.3.3691-18-4-<\/strong> <\/em>Dimensiuni mm: 360x910x1800<br \/>\n<em><strong>-EMP.D.3.36107-18-4-<\/strong> <\/em>Dimensiuni mm: 360x1070x1800<br \/>\n<strong><em>-EMP.D.3.36122-18-4-<\/em> <\/strong>Dimensiuni mm: 360x1220x1800<br \/>\n<em><strong>-EMP.D.3.36137-18-4-<\/strong> <\/em>Dimensiuni mm: 360x1370x1800<br \/>\n<em><strong>-EMP.D.3.36152-18-4-<\/strong><\/em> Dimensiuni mm: 360x1520x1800<br \/>\n<em><strong>EMP.D.3.36183-18-4-<\/strong><\/em> Dimensiuni mm: 360x1830x1800<br \/>\n\/\/\/<br \/>\n<em><strong>EMP.D.3.4676-18-4-<\/strong> <\/em>Dimensiuni mm: 460x760x1800<br \/>\n<strong><em>EMP.D.3.4691-18-4-<\/em><\/strong> Dimensiuni mm: 460x910x1800<br \/>\n<em><strong>EMP.D.3.46107-18-4-<\/strong> <\/em>Dimensiuni mm: 460x1070x1800<br \/>\n<em><strong>EMP.D.3.46122-18-4-<\/strong> <\/em>Dimensiuni mm: 460x1220x1800<br \/>\n<strong><em>EMP.D.3.46137-18-4-<\/em> <\/strong>Dimensiuni mm: 460x1370x1800<br \/>\n<em><strong>EMP.D.3.46152-18-4-<\/strong> <\/em>Dimensiuni mm: 460x1520x1800<br \/>\n<strong><em>EMP.D.3.46183-18-4-<\/em> <\/strong>Dimensiuni mm: 460x1830x1800<br \/>\n\/\/\/<br \/>\n<em><strong>EMP.D.2.3676-18-4-<\/strong><\/em> Dimensiuni mm: 360x760x1800<br \/>\n<em><strong>EMP.D.2.3691-18-4-<\/strong> <\/em>Dimensiuni mm: 360x910x1800<br \/>\n<em><strong>EMP.D.2.36107-18-4-<\/strong><\/em> Dimensiuni mm: 360x1070x1800<br \/>\n<strong><em>EMP.D.2.36122-18-4-<\/em><\/strong> Dimensiuni mm: 360x1220x1800<br \/>\n<strong><em>EMP.D.2.36137-18-4-<\/em><\/strong> Dimensiuni mm: 360x1370x1800<br \/>\n<em><strong>EMP.D.2.36152-18-4<\/strong><\/em>&#8211; Dimensiuni mm: 360x1520x1800<br \/>\n<strong><em>EMP.D.2.36183-18-4-<\/em><\/strong> Dimensiuni mm: 360x1830x1800<br \/>\n\/\/\/<br \/>\n<em><strong>EMP.D.2.4676-18-4-<\/strong><\/em> Dimensiuni mm: 460x760x1800<br \/>\n<em><strong>EMP.D.2.4691-18-4-<\/strong> <\/em>Dimensiuni mm: 460x910x1800<br \/>\n<strong>EMP.D.2.46107-18-4-<\/strong> Dimensiuni mm: 460x1070x1800<br \/>\n<em><strong>EMP.D.2.46122-18-4-<\/strong> <\/em>Dimensiuni mm: 460x1220x1800<br \/>\n<em><strong>EMP.D.2.46137-18-4-<\/strong> <\/em>Dimensiuni mm: 460x1370x1800<br \/>\n<em><strong>EMP.D.2.46152-18-4-<\/strong><\/em> Dimensiuni mm: 460x1520x1800<br \/>\n<strong><em>EMP.D.2.46183-18-4-<\/em> <\/strong>Dimensiuni mm: 460x1830x1800<\/p>\n","protected":false},"featured_media":13777,"template":"","meta":[],"_links":{"self":[{"href":"https:\/\/evotek.md\/ro\/wp-json\/wp\/v2\/product\/13788"}],"collection":[{"href":"https:\/\/evotek.md\/ro\/wp-json\/wp\/v2\/product"}],"about":[{"href":"https:\/\/evotek.md\/ro\/wp-json\/wp\/v2\/types\/product"}],"wp:featuredmedia":[{"embeddable":true,"href":"https:\/\/evotek.md\/ro\/wp-json\/wp\/v2\/media\/13777"}],"wp:attachment":[{"href":"https:\/\/evotek.md\/ro\/wp-json\/wp\/v2\/media?parent=13788"}],"curies":[{"name":"wp","href":"https:\/\/api.w.org\/{rel}","templated":true}]}}