{"id":13757,"date":"2020-07-08T13:41:34","date_gmt":"2020-07-08T13:43:15","guid":{"rendered":"https:\/\/evotek.md\/?post_type=product&#038;p=13757"},"modified":"2022-04-05T14:22:26","modified_gmt":"2022-04-05T14:22:26","slug":"dulap-congelator-pentru-patiserie-emp-70-95-02-40","status":"publish","type":"product","link":"https:\/\/evotek.md\/ro\/produse\/echipamente-frigorifice\/dulap-frigorific-congelare\/dulap-congelator-pentru-patiserie-emp-70-95-02-40\/","title":{"rendered":"DULAP CONGELATOR PENTRU PATISERIE -EMP.70.95.02-40"},"content":{"rendered":"<p><strong>DULAP CONGELATOR PENTRU PATISERIE -EMP.70.95.02-40-<\/strong> Dulapul refrigerat, cu o u\u0219\u0103 este proiectat pentru depozitarea alimentelor \u00een unit\u0103\u021bile de alimenta\u021bie public\u0103, comer\u021b, magazine, depozite, s\u0103li de utilit\u0103\u021bi, produc\u021bie de alimente, ateliere culinare.<\/p>\n<p>Caracteristici<br \/>\nPutere: 1 kW<br \/>\nVolum: 40 bucati tavi 40&#215;60<br \/>\nDimensiune: 700x950x2050 mm<br \/>\nGreutate: 150 kg<br \/>\nTensiune: 220V &#8211; 230V -1 +N -50 60Hz putere electric\u0103<br \/>\nInterval de temperatur\u0103: -18 \u00b0C, -20 \u00b0C<br \/>\nPanou de control: electronic<br \/>\n\u201eF\u0103r\u0103 CFC\u201d R-134 A pentru congelator; 404 Gaz frigorific<br \/>\nDensitate 40 kg\/m3<br \/>\nControl electronic de temperatur\u0103 \u0219i dezghe\u021bare \u0219i afi\u0219aj<br \/>\nEvaporarea automat\u0103 a apei \u00een timpul dezghe\u021b\u0103rii<br \/>\nCompresor de aer conditionat detasabil<br \/>\nVentilator de r\u0103cire<br \/>\nIzola\u021bie poliuretanic\u0103 \u201esigur\u0103 pentru ozon\u201d de 48 mm grosime<br \/>\nU\u0219i cu inchidere automata<br \/>\nEvaporator din tuburi de cupru cu aripi din aluminiu<br \/>\nCarcasa din o\u021bel inoxidabil<\/p>\n","protected":false},"excerpt":{"rendered":"<p>Dulap congelator pentru patiserie, cu o u\u0219\u0103. Putere: 1 kW; Volum: 40 bucati tavi 40&#215;60; Dimensiune: 700x950x2050 mm; Greutate: 150 kg; Tensiune: 220V &#8211; 230V -1 +N -50 60Hz putere electric\u0103; Interval de temperatur\u0103: -18 \u00b0C, -20 \u00b0C; Panou de control: electronic; \u201eF\u0103r\u0103 CFC\u201d R-134 A pentru congelator; 404 Gaz frigorific; Densitate 40 kg\/m3; Control electronic de temperatur\u0103 \u0219i dezghe\u021bare \u0219i afi\u0219aj; Evaporarea automat\u0103 a apei \u00een timpul dezghe\u021b\u0103rii; Compresor de aer conditionat detasabil; Ventilator de r\u0103cire; Izola\u021bie poliuretanic\u0103 \u201esigur\u0103 pentru ozon\u201d de 48 mm grosime; U\u0219i cu inchidere automata; Evaporator din tuburi de cupru cu aripi din aluminiu; Carcasa din o\u021bel inoxidabil.<\/p>\n","protected":false},"featured_media":13730,"template":"","meta":[],"_links":{"self":[{"href":"https:\/\/evotek.md\/ro\/wp-json\/wp\/v2\/product\/13757"}],"collection":[{"href":"https:\/\/evotek.md\/ro\/wp-json\/wp\/v2\/product"}],"about":[{"href":"https:\/\/evotek.md\/ro\/wp-json\/wp\/v2\/types\/product"}],"wp:featuredmedia":[{"embeddable":true,"href":"https:\/\/evotek.md\/ro\/wp-json\/wp\/v2\/media\/13730"}],"wp:attachment":[{"href":"https:\/\/evotek.md\/ro\/wp-json\/wp\/v2\/media?parent=13757"}],"curies":[{"name":"wp","href":"https:\/\/api.w.org\/{rel}","templated":true}]}}