{"id":13755,"date":"2020-07-08T13:25:13","date_gmt":"2020-07-08T13:25:13","guid":{"rendered":"https:\/\/evotek.md\/?post_type=product&#038;p=13755"},"modified":"2020-07-08T13:32:33","modified_gmt":"2020-07-08T13:32:33","slug":"dulap-frigorific-pentru-patiserie-emp-70-95-01-40","status":"publish","type":"product","link":"https:\/\/evotek.md\/ro\/produse\/echipamente-frigorifice\/dulapuri-frigorifice\/dulap-frigorific-pentru-patiserie-emp-70-95-01-40\/","title":{"rendered":"DULAP FRIGORIFIC PENTRU PATISERIE -EMP.70.95.01-40"},"content":{"rendered":"<p><strong>DULAP FRIGORIFIC PENTRU PATISERIE -EMP.70.95.01-40-<\/strong> Dulapul refrigerat, cu o u\u0219\u0103 este proiectat pentru depozitarea alimentelor \u00een unit\u0103\u021bile de alimenta\u021bie public\u0103, comer\u021b, magazine, depozite, s\u0103li de utilit\u0103\u021bi, produc\u021bie de alimente, ateliere culinare.<\/p>\n<p>Caracteristici<\/p>\n<p>Greutate: 150 kg<\/p>\n<p>Putere: 0,4 kW<\/p>\n<p>Tensiunea: 220 V<\/p>\n<p>Volumul: 40 L<\/p>\n<p>Panou de control: electronic<\/p>\n<p>Dimensiune: 700\u0445950\u04452050<\/p>\n<p>Stare de temperatur\u0103: 0 &#8230; + 5 C<\/p>\n<p>&nbsp;<\/p>\n","protected":false},"excerpt":{"rendered":"<p>Dulap frigorific pentru patiserie, cu o u\u0219\u0103. Greutate: 150 kg; Putere: 0,4 kW; Tensiunea: 220 V; Volum: 40 L; Panou de control: electronic; Dimensiune: 700\u0445950\u04452050; Stare de temperatur\u0103: 0 &#8230; + 5 C.<\/p>\n","protected":false},"featured_media":13730,"template":"","meta":[],"_links":{"self":[{"href":"https:\/\/evotek.md\/ro\/wp-json\/wp\/v2\/product\/13755"}],"collection":[{"href":"https:\/\/evotek.md\/ro\/wp-json\/wp\/v2\/product"}],"about":[{"href":"https:\/\/evotek.md\/ro\/wp-json\/wp\/v2\/types\/product"}],"wp:featuredmedia":[{"embeddable":true,"href":"https:\/\/evotek.md\/ro\/wp-json\/wp\/v2\/media\/13730"}],"wp:attachment":[{"href":"https:\/\/evotek.md\/ro\/wp-json\/wp\/v2\/media?parent=13755"}],"curies":[{"name":"wp","href":"https:\/\/api.w.org\/{rel}","templated":true}]}}