{"id":13752,"date":"2020-07-08T13:02:46","date_gmt":"2020-07-08T13:03:25","guid":{"rendered":"https:\/\/evotek.md\/?post_type=product&#038;p=13752"},"modified":"2024-12-10T09:31:48","modified_gmt":"2024-12-10T09:31:48","slug":"dulap-congelator-emp-140-80-02","status":"publish","type":"product","link":"https:\/\/evotek.md\/ro\/produse\/echipamente-frigorifice\/dulap-frigorific-congelare\/dulap-congelator-emp-140-80-02\/","title":{"rendered":"DULAP CONGELATOR DIN INOX CU 4 USI, 1400 LITRI -EMP.140.80.02"},"content":{"rendered":"<p><strong style=\"font-size: 14.4px\">DULAP CONGELATOR DIN INOX CU 4 USI, 1400 LITRI -EMP.140.80.02-<\/strong><span style=\"font-size: 14.4px\"> Este destinat depozit\u0103rii produselor congelate, care necesit\u0103 depozitare pe termen lung la temperaturi sub zero. Congelatoarele sunt utilizate \u00een magazinele alimentare, restaurante \u0219i alte unit\u0103\u021bi de alimenta\u021bie public\u0103.<\/span><\/p>\n<p>Caracteristici<br \/>\nGreutate: 245 kg<br \/>\nPutere: 1,3 kW<br \/>\nTensiunea: 220 V<br \/>\nVolum: 1400 L<br \/>\nPanou de control: electronic<br \/>\nDimensiune: 1400\u0445800\u04452050<br \/>\nStare de temperatur\u0103: 0 \u2026 + 5 C<\/p>\n","protected":false},"excerpt":{"rendered":"<p>Dulap congelator cu 4 u\u0219i din sticl\u0103. Greutate: 245 kg; Putere: 1,3 kW; Tensiunea: 220 V; Volum: 1400 L; Panou de control: electronic; Dimensiune: 1400\u0445800\u04452050; Stare de temperatur\u0103: 0 \u2026 + 5 C<\/p>\n","protected":false},"featured_media":41727,"template":"","meta":[],"_links":{"self":[{"href":"https:\/\/evotek.md\/ro\/wp-json\/wp\/v2\/product\/13752"}],"collection":[{"href":"https:\/\/evotek.md\/ro\/wp-json\/wp\/v2\/product"}],"about":[{"href":"https:\/\/evotek.md\/ro\/wp-json\/wp\/v2\/types\/product"}],"wp:featuredmedia":[{"embeddable":true,"href":"https:\/\/evotek.md\/ro\/wp-json\/wp\/v2\/media\/41727"}],"wp:attachment":[{"href":"https:\/\/evotek.md\/ro\/wp-json\/wp\/v2\/media?parent=13752"}],"curies":[{"name":"wp","href":"https:\/\/api.w.org\/{rel}","templated":true}]}}