{"id":1375,"date":"2020-02-06T13:40:25","date_gmt":"2020-02-06T13:43:14","guid":{"rendered":"https:\/\/evotek.md\/?post_type=product&#038;p=1375"},"modified":"2023-02-28T12:31:13","modified_gmt":"2023-02-28T12:31:13","slug":"toaster-tip-tunel-hkn-long-vv","status":"publish","type":"product","link":"https:\/\/evotek.md\/ro\/produse\/echipamente-pentru-fast-food\/toastere-2\/toaster-tip-tunel-hkn-long-vv\/","title":{"rendered":"TOASTER TIP TUNEL, 300 FELII PE ORA -HKN-LONG VV"},"content":{"rendered":"<p><strong>TOASTER TIP TUNEL, 300 FELII PE ORA -HKN-LONG VV- <\/strong>Destinat pentru pr\u0103jirea \u0219i \u00eenc\u0103lzirea rapid\u0103 a toastelor,\u00a0 pizza,\u00a0 sandwich-urilor, \u0219i a p\u00e2inii. Se folose\u0219te \u00een comer\u021b \u0219i alimenta\u021bie public\u0103. Carcasa este realizat\u0103 din inox de \u00eenalt\u0103 calitate.<\/p>\n<p>Caracteristici ale modelului: productivitate pe or\u0103: 300 buc\u0103\u021bi; Are 3 moduri de func\u021bionare: partea superioar\u0103, inferioar\u0103 \u0219i din ambele p\u0103r\u021bi; Control rapid al vitezei, u\u0219urin\u021ba de utilizare \u0219i \u00eentre\u021binerea echipamentelor, ergonomie, compactitate, durabilitate \u00eendelungat\u0103.<\/p>\n<p>Caracteristici<\/p>\n<p>Brand Hurakan<\/p>\n<p>Dimnesiuni: 362x502x330 mm<\/p>\n<p>Putere: 1,7 kW<\/p>\n<p>Greutate net\u0103: 9,6 kg<\/p>\n<p>Productivitate de p\u00e2n\u0103 la 300 \/h<\/p>\n","protected":false},"excerpt":{"rendered":"<p>Toaster de tip tunel cu trei moduri de func\u021bionare: Dimensiuni ale modelului: 362x502x330 mm; Greutate: 9,6 kg; Puterea: 1,7 kW; Tensiune: 230 V.<\/p>\n<p>&nbsp;<\/p>\n","protected":false},"featured_media":1373,"template":"","meta":[],"_links":{"self":[{"href":"https:\/\/evotek.md\/ro\/wp-json\/wp\/v2\/product\/1375"}],"collection":[{"href":"https:\/\/evotek.md\/ro\/wp-json\/wp\/v2\/product"}],"about":[{"href":"https:\/\/evotek.md\/ro\/wp-json\/wp\/v2\/types\/product"}],"wp:featuredmedia":[{"embeddable":true,"href":"https:\/\/evotek.md\/ro\/wp-json\/wp\/v2\/media\/1373"}],"wp:attachment":[{"href":"https:\/\/evotek.md\/ro\/wp-json\/wp\/v2\/media?parent=1375"}],"curies":[{"name":"wp","href":"https:\/\/api.w.org\/{rel}","templated":true}]}}