{"id":13749,"date":"2020-07-08T12:59:15","date_gmt":"2020-07-08T13:00:19","guid":{"rendered":"https:\/\/evotek.md\/?post_type=product&#038;p=13749"},"modified":"2022-03-15T14:22:11","modified_gmt":"2022-03-15T14:22:11","slug":"dulap-congelator-emp-70-80-02","status":"publish","type":"product","link":"https:\/\/evotek.md\/ro\/produse\/echipamente-frigorifice\/dulap-frigorific-congelare\/dulap-congelator-emp-70-80-02\/","title":{"rendered":"DULAP CONGELATOR -EMP.70.80.02"},"content":{"rendered":"<p><strong>DULAP CONGELATOR -EMP.70.80.02-<\/strong> Este destinat depozit\u0103rii produselor congelate, care necesit\u0103 depozitare pe termen lung la temperaturi sub zero. Congelatoarele sunt utilizate \u00een magazinele alimentare, restaurante \u0219i alte unit\u0103\u021bi de alimenta\u021bie public\u0103.<\/p>\n<p>Caracteristici<\/p>\n<p>Greutate: 141 kg<\/p>\n<p>Putere: 0,69 kW<\/p>\n<p>Tensiunea: 220 V<\/p>\n<p>Volumul: 700 L<\/p>\n<p>Panou de control: electronic<\/p>\n<p>Dimensiune: 700x800x2050 mm<\/p>\n<p>Stare de temperatur\u0103: -18 &#8230; &#8211; 20 C<\/p>\n<p>&nbsp;<\/p>\n","protected":false},"excerpt":{"rendered":"<p>Dulap congelator, cu dou\u0103 u\u0219i. Greutate: 141 kg; Putere: 0,69 kW; Tensiunea: 220 V; Volumul: 700 L; Panou de control: electronic; Dimensiune: 700x800x2050 mm; Stare de temperatur\u0103: -18 &#8230; &#8211; 20 C.<\/p>\n","protected":false},"featured_media":28524,"template":"","meta":[],"_links":{"self":[{"href":"https:\/\/evotek.md\/ro\/wp-json\/wp\/v2\/product\/13749"}],"collection":[{"href":"https:\/\/evotek.md\/ro\/wp-json\/wp\/v2\/product"}],"about":[{"href":"https:\/\/evotek.md\/ro\/wp-json\/wp\/v2\/types\/product"}],"wp:featuredmedia":[{"embeddable":true,"href":"https:\/\/evotek.md\/ro\/wp-json\/wp\/v2\/media\/28524"}],"wp:attachment":[{"href":"https:\/\/evotek.md\/ro\/wp-json\/wp\/v2\/media?parent=13749"}],"curies":[{"name":"wp","href":"https:\/\/api.w.org\/{rel}","templated":true}]}}