{"id":13735,"date":"2020-07-08T11:11:29","date_gmt":"2020-07-08T11:11:29","guid":{"rendered":"https:\/\/evotek.md\/?post_type=product&#038;p=13735"},"modified":"2020-07-08T11:11:29","modified_gmt":"2020-07-08T11:11:29","slug":"dulap-frigorific-emp-70-80-03","status":"publish","type":"product","link":"https:\/\/evotek.md\/ro\/produse\/echipamente-frigorifice\/dulapuri-frigorifice\/dulap-frigorific-emp-70-80-03\/","title":{"rendered":"DULAP FRIGORIFIC -EMP.70.80.03"},"content":{"rendered":"<p><strong>DULAP FRIGORIFIC -EMP.70.80.03-<\/strong> Dulapul refrigerat, cu o u\u0219\u0103 este proiectat pentru depozitarea alimentelor \u00een unit\u0103\u021bile de alimenta\u021bie public\u0103, comer\u021b, magazine, depozite, s\u0103li de utilit\u0103\u021bi, produc\u021bie de alimente, ateliere culinare.<\/p>\n<p>Caracteristici<\/p>\n<p>Greutate: 145 kg<\/p>\n<p>Putere: 0,4 kW<\/p>\n<p>Tensiunea: 220 V<\/p>\n<p>Volumul: 700 L<\/p>\n<p>Panou de control: electronic<\/p>\n<p>Dimensiune: 700x800x2050<\/p>\n<p>Stare de temperatur\u0103: 0 &#8230; + 5 C<\/p>\n<p>&nbsp;<\/p>\n<p>&nbsp;<\/p>\n","protected":false},"excerpt":{"rendered":"<p>Dulap frigorific cu o u\u0219\u0103 din sticl\u0103. Greutate: 145 kg; Putere: 0,4 kW; Tensiunea: 220 V; Volum: 700 L; Panou de control: electronic; Dimensiune: 700x800x2050; Stare de temperatur\u0103: 0 &#8230; + 5 C.<\/p>\n","protected":false},"featured_media":13734,"template":"","meta":[],"_links":{"self":[{"href":"https:\/\/evotek.md\/ro\/wp-json\/wp\/v2\/product\/13735"}],"collection":[{"href":"https:\/\/evotek.md\/ro\/wp-json\/wp\/v2\/product"}],"about":[{"href":"https:\/\/evotek.md\/ro\/wp-json\/wp\/v2\/types\/product"}],"wp:featuredmedia":[{"embeddable":true,"href":"https:\/\/evotek.md\/ro\/wp-json\/wp\/v2\/media\/13734"}],"wp:attachment":[{"href":"https:\/\/evotek.md\/ro\/wp-json\/wp\/v2\/media?parent=13735"}],"curies":[{"name":"wp","href":"https:\/\/api.w.org\/{rel}","templated":true}]}}