{"id":13731,"date":"2020-07-08T11:00:41","date_gmt":"2020-07-08T11:01:23","guid":{"rendered":"https:\/\/evotek.md\/?post_type=product&#038;p=13731"},"modified":"2024-06-26T07:11:30","modified_gmt":"2024-06-26T07:11:30","slug":"dulap-frigorific-emp-70-80-01","status":"publish","type":"product","link":"https:\/\/evotek.md\/ro\/produse\/echipamente-frigorifice\/dulapuri-frigorifice\/dulap-frigorific-emp-70-80-01\/","title":{"rendered":"DULAP FRIGORIFIC DIN INOX CU 1 USA, 700 LITRI (cu ventilator) &#8211; EMP.70.80.01"},"content":{"rendered":"<p><strong>DULAP FRIGORIFIC DIN INOX CU 1 USA, 700 LITRI (cu ventilator) &#8211; EMP.70.80.01-<\/strong> Dulapul refrigerat, cu o u\u0219\u0103 este proiectat pentru depozitarea alimentelor \u00een unit\u0103\u021bile de alimenta\u021bie public\u0103, comer\u021b, magazine, depozite, s\u0103li de utilit\u0103\u021bi, produc\u021bie de alimente, ateliere culinare.<\/p>\n<p>Caracteristici<\/p>\n<p>Greutate: 130 kg<\/p>\n<p>Putere: 0,4 kW<\/p>\n<p>Tensiunea: 220 V<\/p>\n<p>Volumul: 700 L<\/p>\n<p>Panou de control: electronic<\/p>\n<p>Dimensiune: 700x800x2050<\/p>\n<p>Stare de temperatur\u0103: 0 &#8230; + 5 C<\/p>\n<p>&nbsp;<\/p>\n","protected":false},"excerpt":{"rendered":"<p>Dulap frigorific, cu o u\u0219\u0103. Greutate: 130 kg; Putere: 0,4 kW; Tensiunea: 220 V; Volum: 700 L; Panou de control: electronic; Dimensiune: 700x800x2050; Stare de temperatur\u0103: 0 &#8230; + 5 C.<\/p>\n","protected":false},"featured_media":13730,"template":"","meta":[],"_links":{"self":[{"href":"https:\/\/evotek.md\/ro\/wp-json\/wp\/v2\/product\/13731"}],"collection":[{"href":"https:\/\/evotek.md\/ro\/wp-json\/wp\/v2\/product"}],"about":[{"href":"https:\/\/evotek.md\/ro\/wp-json\/wp\/v2\/types\/product"}],"wp:featuredmedia":[{"embeddable":true,"href":"https:\/\/evotek.md\/ro\/wp-json\/wp\/v2\/media\/13730"}],"wp:attachment":[{"href":"https:\/\/evotek.md\/ro\/wp-json\/wp\/v2\/media?parent=13731"}],"curies":[{"name":"wp","href":"https:\/\/api.w.org\/{rel}","templated":true}]}}