{"id":13724,"date":"2020-07-08T09:06:40","date_gmt":"2020-07-08T09:06:40","guid":{"rendered":"https:\/\/evotek.md\/?post_type=product&#038;p=13724"},"modified":"2021-06-18T11:49:20","modified_gmt":"2021-06-18T11:49:20","slug":"cuptor-rotativ-pe-gaz-emp-gdkf-10-b","status":"publish","type":"product","link":"https:\/\/evotek.md\/ro\/produse\/echipamente-termice\/cuptor-rotativ\/cuptor-rotativ-pe-gaz-emp-gdkf-10-b\/","title":{"rendered":"CUPTOR ROTATIV PE GAZ -EMP.GDKF-10-B"},"content":{"rendered":"<p><strong>CUPTOR ROTATIV PE GAZ &#8211;<\/strong><strong>EMP.<\/strong><strong>G<\/strong><strong>DKF-10-B<\/strong><strong>&#8211;<\/strong> format dintr-un cuptor rotativ \u0219i o camer\u0103 pentru dospirea produselor. Versatil \u0219i u\u0219or de utilizat. Un generator de aburi inovator ofer\u0103 o surs\u0103 abundent\u0103 de abur. Proiectat pentru utilizare \u00een brut\u0103rii mici. Panou de control cu \u200b\u200becran tactil LCD de 7 inch. Temperatura reglabil\u0103 de g\u0103tit de la 0 C la 300 C iluminat cu halogen. Echipat cu o prob\u0103 cu o capacitate de 10-40&#215;60. De asemenea, are \u0219i hot\u0103. Carcasa este din inox.<\/p>\n<p><strong>*Pentru a beneficia de garan\u021bie este obligatoriu de a fi instalat filtru DVA pentru acest echipament.<\/strong><\/p>\n<p>Caracteristici<\/p>\n<p>Greutate: 350 kg<\/p>\n<p>Putere: 46,50 kW<\/p>\n<p>Tensiunea de alimentare: 220 V<\/p>\n<p>Panou de control: Atinge\u021bi<\/p>\n<p>Dimensiune: 990x960x2240 mm<\/p>\n<p>Dimensiunile unei tave: 400\u0445600 mm<\/p>\n<p>Stare de temperatur\u0103: 0 &#8230; + 300 C<\/p>\n<p>Niveluri: 10<\/p>\n<p>&nbsp;<\/p>\n<p>&nbsp;<\/p>\n","protected":false},"excerpt":{"rendered":"<p>Cuptor rotativ cu 10 nivele. Greutate: 350 kg; Putere: 46,50 kW; Tensiunea de alimentare: 220 V; Panou de control: Atinge\u021bi; Dimensiune: 990x960x2240 mm; Dimensiunile unei tave: 400\u0445600 mm; Stare de temperatur\u0103: 0 &#8230; + 300 C.<\/p>\n<p><strong>*T\u0103vile GN \u0219i t\u0103vile pentru patiserie nu sunt incluse \u00een set.<\/strong><br \/>\n<strong>*Recomand\u0103m instalarea adi\u021bional\u0103 a unui filtru DVA pentru o bun\u0103 func\u021bionare a cuptorului.<\/strong><\/p>\n","protected":false},"featured_media":13713,"template":"","meta":[],"_links":{"self":[{"href":"https:\/\/evotek.md\/ro\/wp-json\/wp\/v2\/product\/13724"}],"collection":[{"href":"https:\/\/evotek.md\/ro\/wp-json\/wp\/v2\/product"}],"about":[{"href":"https:\/\/evotek.md\/ro\/wp-json\/wp\/v2\/types\/product"}],"wp:featuredmedia":[{"embeddable":true,"href":"https:\/\/evotek.md\/ro\/wp-json\/wp\/v2\/media\/13713"}],"wp:attachment":[{"href":"https:\/\/evotek.md\/ro\/wp-json\/wp\/v2\/media?parent=13724"}],"curies":[{"name":"wp","href":"https:\/\/api.w.org\/{rel}","templated":true}]}}