{"id":13714,"date":"2020-07-08T09:01:07","date_gmt":"2020-07-08T09:01:07","guid":{"rendered":"https:\/\/evotek.md\/?post_type=product&#038;p=13714"},"modified":"2021-06-18T11:40:11","modified_gmt":"2021-06-18T11:40:11","slug":"cuptor-rotativ-electric-emp-edkf-10","status":"publish","type":"product","link":"https:\/\/evotek.md\/ro\/produse\/echipamente-termice\/cuptor-rotativ\/cuptor-rotativ-electric-emp-edkf-10\/","title":{"rendered":"CUPTOR ROTATIV ELECTRIC -EMP.EDKF-10"},"content":{"rendered":"<p><strong>CUPTOR ROTATIV ELECTRIC <\/strong><strong>-EMP.EDKF-10- <\/strong>este format dintr-un cuptor rotativ \u0219i o camer\u0103 pentru dospirea produselor. De asemenea, are \u0219i hot\u0103. Cuptorul are un sistem modern de control. Pe ecranul LCD cu o dimensiune de 7 inci, pute\u021bi selecta parametrii principali pentru preg\u0103tirea diverselor vase &#8211; timp \u0219i temperatur\u0103 de g\u0103tit, etc. Pute\u021bi controla ciclul de g\u0103tit de la distan\u021b\u0103 &#8211; prin dispozitive mobile. Op\u021biunea de a desc\u0103rca meniul ilustrat de feluri de m\u00e2ncare este disponibil\u0103 prin memoria extern\u0103. Pentru prepararea rapid\u0103 \u0219i \u00eenalt\u0103 a produselor \u00een cuptor, este posibil s\u0103 ajusta\u021bi parametri precum temperatura \u0219i timpul.<\/p>\n<p>Temperatura din camer\u0103 este men\u021binut\u0103 \u00een intervalul 0 C p\u00e2n\u0103 la 300 C. Pentru a preveni supra\u00eenc\u0103lzirea \u00een timpul func\u021bion\u0103rii cuptorului, exist\u0103 un termostat de siguran\u021b\u0103 care nu permite ca temperatura s\u0103 creasc\u0103 peste 360 \u200b\u200bC. O caracteristic\u0103 a acestui tip de cuptor este partea rotativ\u0103 cu tave, asigur\u00e2nd astfel g\u0103tirea uniform\u0103 a tuturor produselor . De asemenea, aceea\u0219i \u00eenc\u0103lzire a aerului \u00een interior este creat\u0103 de un sistem de debit de aer reglabil. Iluminarea cu halogen din camer\u0103 vizualizeaz\u0103 bine procesul de g\u0103tit. Sticla din interior este u\u0219or de cur\u0103\u021bat. U\u0219a are un sistem de \u00eenchidere. Corpul cuptorului \u0219i suporturile pentru dulapuri de protec\u021bie sunt din inox.<\/p>\n<p><strong>*Pentru a beneficia de garan\u021bie este obligatoriu de a fi instalat filtru DVA pentru acest echipament.<\/strong><\/p>\n<p>Caracteristici<\/p>\n<p>Greutate: 350 kg<\/p>\n<p>Putere: 26,5 kW<\/p>\n<p>Tensiunea de alimentare: 380 V<\/p>\n<p>Panou de control: Atinge\u021bi<\/p>\n<p>Dimensiune: 990x960x2240 mm<\/p>\n<p>Dimensiunile unei tave: 400\u0445600 mm<\/p>\n<p>Stare de temperatur\u0103: 0 &#8230; + 300 C<\/p>\n<p>Niveluri: 10<\/p>\n<p>&nbsp;<\/p>\n","protected":false},"excerpt":{"rendered":"<p>Cuptor rotativ cu 10 nivele. Greutate: 350 kg; Putere: 26,5 kW; Tensiunea de alimentare: 380 V; Panou de control: Atinge\u021bi; Dimensiune: 990x960x2240 mm; Dimensiunile unei tave: 400\u0445600 mm; Stare de temperatur\u0103: 0 &#8230; + 300 C.<\/p>\n<p><strong>*T\u0103vile GN \u0219i t\u0103vile pentru patiserie nu sunt incluse \u00een set.<\/strong><br \/>\n<strong>*Recomand\u0103m instalarea adi\u021bional\u0103 a unui filtru DVA pentru o bun\u0103 func\u021bionare a cuptorului.<\/strong><\/p>\n","protected":false},"featured_media":13711,"template":"","meta":[],"_links":{"self":[{"href":"https:\/\/evotek.md\/ro\/wp-json\/wp\/v2\/product\/13714"}],"collection":[{"href":"https:\/\/evotek.md\/ro\/wp-json\/wp\/v2\/product"}],"about":[{"href":"https:\/\/evotek.md\/ro\/wp-json\/wp\/v2\/types\/product"}],"wp:featuredmedia":[{"embeddable":true,"href":"https:\/\/evotek.md\/ro\/wp-json\/wp\/v2\/media\/13711"}],"wp:attachment":[{"href":"https:\/\/evotek.md\/ro\/wp-json\/wp\/v2\/media?parent=13714"}],"curies":[{"name":"wp","href":"https:\/\/api.w.org\/{rel}","templated":true}]}}