{"id":13699,"date":"2020-07-08T07:51:25","date_gmt":"2020-07-08T07:52:05","guid":{"rendered":"https:\/\/evotek.md\/?post_type=product&#038;p=13699"},"modified":"2022-09-01T14:07:33","modified_gmt":"2022-09-01T14:07:33","slug":"cazan-pentru-gatit-pe-gaz-emp-pls-kte-150","status":"publish","type":"product","link":"https:\/\/evotek.md\/ro\/produse\/echipamente-termice\/cazane-pentru-gatit\/cazan-pentru-gatit-pe-gaz-emp-pls-kte-150\/","title":{"rendered":"CAZAN PENTRU G\u0102TIT ELECTRIC 150 L -EMP.PLS.KTE.150"},"content":{"rendered":"<p><strong>CAZAN PENTRU G\u0102TIT ELECTRIC 150 L -EMP.PLS.KTE.150-<\/strong> Cazanul este proiectat pentru preg\u0103tirea diferitor tipuri de bucate, precum \u0219i pentru prepararea legumelor \u00een buc\u0103t\u0103riile cantinelor. Facilit\u0103\u021bi: Supapa de suprapresiune \u0219i manometru; Robinet care umple apa rece \u0219i cald\u0103; Robinet pentru scurgere; Acoperire cu contragreutate; Carcas\u0103 din inox.<\/p>\n<p>Caracteristici<\/p>\n<p>Volumul: 150 L<\/p>\n<p>Tensiune: 380 V<\/p>\n<p>Putere: 18 kW<\/p>\n<p>Greutate: 100 kg<\/p>\n<p>Parametri: 800x900x850 mm<\/p>\n<p>&nbsp;<\/p>\n","protected":false},"excerpt":{"rendered":"<p>Cazan pentru g\u0103tit electric cu volumul de 150 \u00a0l. Tensiune: 380 V; Putere: 18 kW; Greutate: 100 kg; Parametri: 800x900x850 mm.<\/p>\n","protected":false},"featured_media":13693,"template":"","meta":[],"_links":{"self":[{"href":"https:\/\/evotek.md\/ro\/wp-json\/wp\/v2\/product\/13699"}],"collection":[{"href":"https:\/\/evotek.md\/ro\/wp-json\/wp\/v2\/product"}],"about":[{"href":"https:\/\/evotek.md\/ro\/wp-json\/wp\/v2\/types\/product"}],"wp:featuredmedia":[{"embeddable":true,"href":"https:\/\/evotek.md\/ro\/wp-json\/wp\/v2\/media\/13693"}],"wp:attachment":[{"href":"https:\/\/evotek.md\/ro\/wp-json\/wp\/v2\/media?parent=13699"}],"curies":[{"name":"wp","href":"https:\/\/api.w.org\/{rel}","templated":true}]}}