{"id":13696,"date":"2020-07-08T07:49:40","date_gmt":"2020-07-08T07:49:40","guid":{"rendered":"https:\/\/evotek.md\/?post_type=product&#038;p=13696"},"modified":"2020-12-10T14:56:02","modified_gmt":"2020-12-10T14:56:02","slug":"cazan-pentru-gatit-pe-gaz-emp-pls-ktg-150","status":"publish","type":"product","link":"https:\/\/evotek.md\/ro\/produse\/echipamente-termice\/cazane-pentru-gatit\/cazan-pentru-gatit-pe-gaz-emp-pls-ktg-150\/","title":{"rendered":"CAZAN PENTRU G\u0102TIT PE GAZ 150 L -EMP.PLS.KTG.150"},"content":{"rendered":"<p><strong>CAZAN PENTRU G\u0102TIT PE GAZ 150 L -EMP.PLS.KTG.150-<\/strong> Cazanul este proiectat pentru preg\u0103tirea diferitor tipuri de bucate, precum \u0219i pentru prepararea legumelor \u00een buc\u0103t\u0103riile cantinelor. Facilit\u0103\u021bi: Alimentat cu gaze naturale \u0219i \u00eembuteliate; Termocuplu cu supap\u0103 de siguran\u021b\u0103 \u0219i termostat magnetic; Supapa de suprapresiune \u0219i manometru; Robinetul care umple apa rece \u0219i cald\u0103; Robinet pentru scurgere; Acoperire cu contragreutate; Carcas\u0103 din inox.<\/p>\n<p>Caracteristici<\/p>\n<p>Volumul: 150 L<\/p>\n<p>Putere: 16.10 kW<\/p>\n<p>Greutate: 155 kg<\/p>\n<p>Parametri: 800x900x850 mm<\/p>\n<p>Consumul de gaz natural 1,70 m3 \/ h<\/p>\n<p>Consumul de gaz lighefiat GPL 1,21 kg \/ h<\/p>\n<p>&nbsp;<\/p>\n","protected":false},"excerpt":{"rendered":"<p>Cazan de g\u0103tit cu un volum de 150 litri. Putere: 16.10 kW; Greutate: 155 kg; Parametri: 800x900x850 mm; Consumul de gaze naturale 1,70 m3 \/ h; Consumul de gaz GPL 1,21 kg \/ h.<\/p>\n","protected":false},"featured_media":13693,"template":"","meta":[],"_links":{"self":[{"href":"https:\/\/evotek.md\/ro\/wp-json\/wp\/v2\/product\/13696"}],"collection":[{"href":"https:\/\/evotek.md\/ro\/wp-json\/wp\/v2\/product"}],"about":[{"href":"https:\/\/evotek.md\/ro\/wp-json\/wp\/v2\/types\/product"}],"wp:featuredmedia":[{"embeddable":true,"href":"https:\/\/evotek.md\/ro\/wp-json\/wp\/v2\/media\/13693"}],"wp:attachment":[{"href":"https:\/\/evotek.md\/ro\/wp-json\/wp\/v2\/media?parent=13696"}],"curies":[{"name":"wp","href":"https:\/\/api.w.org\/{rel}","templated":true}]}}