{"id":13687,"date":"2020-07-08T06:57:12","date_gmt":"2020-07-08T06:58:11","guid":{"rendered":"https:\/\/evotek.md\/?post_type=product&#038;p=13687"},"modified":"2023-03-02T09:18:10","modified_gmt":"2023-03-02T09:18:10","slug":"tigaie-basculanta-pe-gaz-emp-pls-dtg-120","status":"publish","type":"product","link":"https:\/\/evotek.md\/ro\/produse\/echipamente-termice\/tigaie-basculanta\/tigaie-basculanta-pe-gaz-emp-pls-dtg-120\/","title":{"rendered":"TIGAIE BASCULANTA PE GAZ, 120 LITRI -EMP.PLS.DTG.120"},"content":{"rendered":"<p><strong>TIGAIE BASCULANTA PE GAZ, 120 LITRI -EMP.PLS.DTG.120-<\/strong> Tigaia pe gaz industrial\u0103 este destinat\u0103 pr\u0103jirii \u00een friteuz\u0103, precum \u0219i pentru aburirea c\u0103rnii, a pe\u0219tilor, a m\u00e2nc\u0103rurilor vegetale \u0219i a produselor culinare. Facilit\u0103\u021bi: Termocuplu cu supap\u0103 de siguran\u021b\u0103 \u0219i termostat magnetic; Sistem de ridicare manual; \u00centrerup\u0103tor de siguran\u021b\u0103; Acoperire cu contragreutate; Carcasa este din inox.<\/p>\n<p>Caracteristici<\/p>\n<p>Volumul: 120 L<\/p>\n<p>Putere: 16.10 kW<\/p>\n<p>Consumul de gaze naturale: 1,70 m3 \/ h<\/p>\n<p>Consumul de gaz lichefiat GPL: 1,21 kg \/ h<\/p>\n<p>Dimensiuni: 1200x900x850 mm<\/p>\n<p>Greutate: 215 kg<\/p>\n<p>&nbsp;<\/p>\n","protected":false},"excerpt":{"rendered":"<p>Tigaie basculant\u0103 pe gaz de 120 de l, este folosit\u0103 pentru pr\u0103jirea, \u00een\u0103bu\u0219irea c\u0103rnii, pe\u0219telui, legumelor \u0219i altor produse \u00een unit\u0103\u021bile de alimenta\u021bie public\u0103.<\/p>\n","protected":false},"featured_media":13677,"template":"","meta":[],"_links":{"self":[{"href":"https:\/\/evotek.md\/ro\/wp-json\/wp\/v2\/product\/13687"}],"collection":[{"href":"https:\/\/evotek.md\/ro\/wp-json\/wp\/v2\/product"}],"about":[{"href":"https:\/\/evotek.md\/ro\/wp-json\/wp\/v2\/types\/product"}],"wp:featuredmedia":[{"embeddable":true,"href":"https:\/\/evotek.md\/ro\/wp-json\/wp\/v2\/media\/13677"}],"wp:attachment":[{"href":"https:\/\/evotek.md\/ro\/wp-json\/wp\/v2\/media?parent=13687"}],"curies":[{"name":"wp","href":"https:\/\/api.w.org\/{rel}","templated":true}]}}