{"id":13659,"date":"2020-07-07T14:24:21","date_gmt":"2020-07-07T14:24:21","guid":{"rendered":"https:\/\/evotek.md\/?post_type=product&#038;p=13659"},"modified":"2020-07-07T14:24:21","modified_gmt":"2020-07-07T14:24:21","slug":"grill-cu-abur-pe-gaz-emp-pls-9lg030-s","status":"publish","type":"product","link":"https:\/\/evotek.md\/ro\/produse\/echipamente-pentru-fast-food\/grill-cu-abur\/grill-cu-abur-pe-gaz-emp-pls-9lg030-s\/","title":{"rendered":"GRILL CU ABUR PE GAZ -EMP.PLS.9LG030-S"},"content":{"rendered":"<p><strong>GRILL CU ABUR PE GAZ -EMP.PLS.9LG030-S<\/strong><strong>&#8211;<\/strong> Grill cu abur de gaz este ideal pentru prepararea alimentelor s\u0103n\u0103toase. Datorit\u0103 aburului, produsele vor p\u0103stra toate propriet\u0103\u021bile benefice \u0219i vor r\u0103m\u00e2ne foarte suculente. Facilit\u0103\u021bi: datorit\u0103 evapor\u0103rii, g\u0103titul este mai eficient; Compatibil cu GPL \u0219i GES; Robinete magnetice de siguran\u021b\u0103, supape pilot; Dou\u0103 zone pentru \u00eenc\u0103lzire; Controlarea fiec\u0103rui arz\u0103tor cu aprindere piezo; Grill din font\u0103; U\u0219or de cur\u0103\u021bat \u0219i igienic; Carcasa este din inox.<\/p>\n<p>Caracteristici<\/p>\n<p>Dimensiune: 1200\u0445900\u0445300 mm<\/p>\n<p>Putere: 21 kW<\/p>\n<p>Consumul natural: m3 \/ ora 2,25<\/p>\n<p>Consumul de gaz lichefiat: kg \/ or\u0103 2,61<\/p>\n<p>Greutate: 135 kg<\/p>\n<p>&nbsp;<\/p>\n<p>&nbsp;<\/p>\n","protected":false},"excerpt":{"rendered":"<p>Grill cu abur pe gaz. Dimensiune: 1200\u0445900\u0445300 mm; Putere: 21 kW; Consum natural: m3 \/ ora 2,25; Consumul de gaz lichefiat: kg \/ or\u0103 2,61; Greutate: 135 kg.<\/p>\n","protected":false},"featured_media":13658,"template":"","meta":[],"_links":{"self":[{"href":"https:\/\/evotek.md\/ro\/wp-json\/wp\/v2\/product\/13659"}],"collection":[{"href":"https:\/\/evotek.md\/ro\/wp-json\/wp\/v2\/product"}],"about":[{"href":"https:\/\/evotek.md\/ro\/wp-json\/wp\/v2\/types\/product"}],"wp:featuredmedia":[{"embeddable":true,"href":"https:\/\/evotek.md\/ro\/wp-json\/wp\/v2\/media\/13658"}],"wp:attachment":[{"href":"https:\/\/evotek.md\/ro\/wp-json\/wp\/v2\/media?parent=13659"}],"curies":[{"name":"wp","href":"https:\/\/api.w.org\/{rel}","templated":true}]}}