{"id":1364,"date":"2020-02-06T13:25:25","date_gmt":"2020-02-06T13:25:25","guid":{"rendered":"https:\/\/evotek.md\/?post_type=product&#038;p=1364"},"modified":"2020-02-26T09:03:51","modified_gmt":"2020-02-26T09:03:51","slug":"fierbator-pentru-orez-hkn-sr180","status":"publish","type":"product","link":"https:\/\/evotek.md\/ro\/produse\/echipamente-termice\/fierbatoare-de-orez-si-termosuri\/fierbator-pentru-orez-hkn-sr180\/","title":{"rendered":"FIERB\u0102TOR PENTRU OREZ HKN-SR180"},"content":{"rendered":"<p><strong>FIERB\u0102TOR PENTRU OREZ HKN-SR180<\/strong> &#8211; Fierbator profesional pentru orez cu carcas\u0103 \u0219i capac din inox, dotat cu recipient de g\u0103tire deta\u0219abil. Poate fi utilizat pentru orez fiert, oua, legume si fructe de mare.<\/p>\n<p>Este folosit \u00een buc\u0103t\u0103riile profesionale pentru a prepara \u00een cantit\u0103\u021bi mari. Aparatul este echipat cu un sistem automat de g\u0103tit \u0219i control al temperaturii, ceea ce face utilizarea sa simpl\u0103 \u0219i convenabil\u0103.<\/p>\n<p>Structura acestui model include o cup\u0103 pentru m\u0103surare \u0219i o lingur\u0103. Capacitatea rezervorului de ap\u0103 este de 18 litri, iar capacitatea produsului (orez) este de 6 litri.<\/p>\n<p>Caracteristici<\/p>\n<p>Brand Hurakan<\/p>\n<p>Dimensiuni: 445x445x418 mm<\/p>\n<p>Putere: 1,95 kW<\/p>\n<p>Greutate net\u0103: 10,4 kg<\/p>\n","protected":false},"excerpt":{"rendered":"<p>Fierb\u0103tor pentru orez cu capacitatea rezervorului pentru ap\u0103 de 18 litri, iar capacitatea produsului (orez) de 6 litri. Dimensiuni: 445x445x418 mm; Este conectat la o re\u021bea de 230 V; Consumul de energie:1,95 kW; Greutate net\u0103: 10,4 kg.<\/p>\n","protected":false},"featured_media":1363,"template":"","meta":[],"_links":{"self":[{"href":"https:\/\/evotek.md\/ro\/wp-json\/wp\/v2\/product\/1364"}],"collection":[{"href":"https:\/\/evotek.md\/ro\/wp-json\/wp\/v2\/product"}],"about":[{"href":"https:\/\/evotek.md\/ro\/wp-json\/wp\/v2\/types\/product"}],"wp:featuredmedia":[{"embeddable":true,"href":"https:\/\/evotek.md\/ro\/wp-json\/wp\/v2\/media\/1363"}],"wp:attachment":[{"href":"https:\/\/evotek.md\/ro\/wp-json\/wp\/v2\/media?parent=1364"}],"curies":[{"name":"wp","href":"https:\/\/api.w.org\/{rel}","templated":true}]}}