{"id":13609,"date":"2020-07-07T12:17:25","date_gmt":"2020-07-07T12:18:18","guid":{"rendered":"https:\/\/evotek.md\/?post_type=product&#038;p=13609"},"modified":"2023-02-13T12:56:03","modified_gmt":"2023-02-13T12:56:03","slug":"suprafata-de-prajire-pe-gaz-emp-pls-9ig010","status":"publish","type":"product","link":"https:\/\/evotek.md\/ro\/produse\/echipamente-pentru-fast-food\/suprafete-de-prajire-2-oborudovanie-dlia-fast-food\/suprafata-de-prajire-pe-gaz-emp-pls-9ig010\/","title":{"rendered":"SUPRAFATA DE PRAJIT PE GAZ, NETEDA -EMP.PLS.9IG010"},"content":{"rendered":"<p><strong>SUPRAFATA DE PRAJIT PE GAZ, NETEDA<\/strong>\u00a0&#8211;<strong>EMP.PLS.9IG010- <\/strong>Suprafa\u021ba de pr\u0103jit este folosit la \u00eentreprinderile de alimenta\u021bie public\u0103 \u0219i comer\u021b pentru pr\u0103jirea c\u0103rnii, pe\u0219tilor \u0219i legumelor. Facilit\u0103\u021bi: Supape de siguran\u021b\u0103 magnetice \u0219i robinete pilot; Arz\u0103tor piezo; Recipient de ulei amovibil; Igienic \u0219i u\u0219or de cur\u0103\u021bat; Carcas\u0103 din inox.<\/p>\n<p>Caracteristici<\/p>\n<p>Suprafa\u021b\u0103: neted\u0103<\/p>\n<p>Num\u0103rul de zone de \u00eenc\u0103lzire: 1<\/p>\n<p>Putere: 8.30 kW<\/p>\n<p>Greutate: 60 kg<\/p>\n<p>Parametri: 400x900x300 mm<\/p>\n<p>Consumul de gaze naturale: 0,87 m3 \/ h<\/p>\n<p>Consumul de gaz GPL: 0,55 kg \/ h<\/p>\n<p>&nbsp;<\/p>\n<p>&nbsp;<\/p>\n","protected":false},"excerpt":{"rendered":"<p>Suprafa\u021ba de pr\u0103jire pe gaz neted\u0103. Num\u0103r de zone de \u00eenc\u0103lzire: 1; Putere: 8.30 kW; Greutate: 60 kg; Parametri: 400x900x300 mm; Consumul de gaz natural: 0,87 m3 \/ h: consum de gaz GPL: 0,55 kg \/ h.<\/p>\n","protected":false},"featured_media":41435,"template":"","meta":[],"_links":{"self":[{"href":"https:\/\/evotek.md\/ro\/wp-json\/wp\/v2\/product\/13609"}],"collection":[{"href":"https:\/\/evotek.md\/ro\/wp-json\/wp\/v2\/product"}],"about":[{"href":"https:\/\/evotek.md\/ro\/wp-json\/wp\/v2\/types\/product"}],"wp:featuredmedia":[{"embeddable":true,"href":"https:\/\/evotek.md\/ro\/wp-json\/wp\/v2\/media\/41435"}],"wp:attachment":[{"href":"https:\/\/evotek.md\/ro\/wp-json\/wp\/v2\/media?parent=13609"}],"curies":[{"name":"wp","href":"https:\/\/api.w.org\/{rel}","templated":true}]}}