{"id":13603,"date":"2020-07-07T11:32:41","date_gmt":"2020-07-07T11:32:41","guid":{"rendered":"https:\/\/evotek.md\/?post_type=product&#038;p=13603"},"modified":"2021-02-12T15:27:54","modified_gmt":"2021-02-12T15:27:54","slug":"marmit-pentru-incalzirea-cartofilor-emp-pls-9de010","status":"publish","type":"product","link":"https:\/\/evotek.md\/ro\/produse\/echipamente-pentru-fast-food\/marmite-cu-suport-pe-masa-2\/marmit-pentru-incalzirea-cartofilor-emp-pls-9de010\/","title":{"rendered":"MARMIT PENTRU \u00ceNC\u0102LZIREA CARTOFILOR -EMP.PLS.9DE010"},"content":{"rendered":"<p><strong>MARMIT PENTRU \u00ceNC\u0102LZIREA CARTOFILOR &#8211;<\/strong><strong>EMP.PLS.9DE010- <\/strong>Marmit de \u00eenc\u0103lzit cartofi este utilizat pentru a men\u021bine temperatura cartofilor pr\u0103ji\u021bi \u0219i pentru a elimina uleiul din cartofi \u00een cuv\u0103. \u00cenc\u0103lzirea se realizeaz\u0103 cu ajutorul unui \u00eenc\u0103lzitor ceramic infraro\u0219u. Un sistem special de filtrare purific\u0103 uleiul eliminat. Co\u0219uri convenabile \u0219i carcas\u0103 din inox de \u00eenalt\u0103 calitate. U\u0219or de cur\u0103\u021bat, igienic.<\/p>\n<p>Caracteristici<\/p>\n<p>Dimensiuni: 400x900x300 mm<\/p>\n<p>Greutate: 25 kg<\/p>\n<p>Putere: 0,65 kW<\/p>\n<p>Capacitate: GN 1 \/ 1&#215;150 mm<\/p>\n<p>&nbsp;<\/p>\n","protected":false},"excerpt":{"rendered":"<p>Marmit pentru \u00eenc\u0103lzirea cartofilor. Dimensiuni: 400x900x300 mm; Greutate: 25 kg; Putere: 0,65 kW; Capacitate: GN 1 \/ 1&#215;150 mm.<\/p>\n","protected":false},"featured_media":13602,"template":"","meta":[],"_links":{"self":[{"href":"https:\/\/evotek.md\/ro\/wp-json\/wp\/v2\/product\/13603"}],"collection":[{"href":"https:\/\/evotek.md\/ro\/wp-json\/wp\/v2\/product"}],"about":[{"href":"https:\/\/evotek.md\/ro\/wp-json\/wp\/v2\/types\/product"}],"wp:featuredmedia":[{"embeddable":true,"href":"https:\/\/evotek.md\/ro\/wp-json\/wp\/v2\/media\/13602"}],"wp:attachment":[{"href":"https:\/\/evotek.md\/ro\/wp-json\/wp\/v2\/media?parent=13603"}],"curies":[{"name":"wp","href":"https:\/\/api.w.org\/{rel}","templated":true}]}}