{"id":13598,"date":"2020-07-07T11:22:17","date_gmt":"2020-07-07T11:22:17","guid":{"rendered":"https:\/\/evotek.md\/?post_type=product&#038;p=13598"},"modified":"2020-07-07T11:22:17","modified_gmt":"2020-07-07T11:22:17","slug":"pasta-cooker-electric-emp-pls-9me010","status":"publish","type":"product","link":"https:\/\/evotek.md\/ro\/produse\/echipamente-termice\/pasta-cooker\/pasta-cooker-electric-emp-pls-9me010\/","title":{"rendered":"PASTA COOKER ELECTRIC -EMP.PLS.9ME010"},"content":{"rendered":"<p><strong>PASTA COOKER ELECTRIC <\/strong><strong>-EMP.PLS.9ME010- <\/strong>Plita electrica de paste cu suport este conceput\u0103 pentru prepararea rapid\u0103 \u0219i de \u00eenalt\u0103 calitate a pastelor, a produselor de patiserie, a raviolelor, a orezului, a legumelor, a mezelurilor, a ou\u0103lor, a creve\u021bilor \u0219i a multor alte produse. Pasta cooker este perfect pentru \u00eentreprinderile mici de alimenta\u021bie public\u0103 \u0219i fast-food.<\/p>\n<p>Caracteristici<\/p>\n<p>Volumul: 10,5 L<\/p>\n<p>Putere: 12 kV<\/p>\n<p>Tensiune: 400 V<\/p>\n<p>Dimensiuni: 400x900x850 mm<\/p>\n<p>Greutate: 80 kg<\/p>\n<p>&nbsp;<\/p>\n","protected":false},"excerpt":{"rendered":"<p>Pasta cooker electric\u0103 cu suport cu un volum de 10,5 litri. Putere: 12 kV; Tensiune: 400 V; Dimensiuni: 400x900x850 mm; Greutate: 80 kg.<\/p>\n","protected":false},"featured_media":13597,"template":"","meta":[],"_links":{"self":[{"href":"https:\/\/evotek.md\/ro\/wp-json\/wp\/v2\/product\/13598"}],"collection":[{"href":"https:\/\/evotek.md\/ro\/wp-json\/wp\/v2\/product"}],"about":[{"href":"https:\/\/evotek.md\/ro\/wp-json\/wp\/v2\/types\/product"}],"wp:featuredmedia":[{"embeddable":true,"href":"https:\/\/evotek.md\/ro\/wp-json\/wp\/v2\/media\/13597"}],"wp:attachment":[{"href":"https:\/\/evotek.md\/ro\/wp-json\/wp\/v2\/media?parent=13598"}],"curies":[{"name":"wp","href":"https:\/\/api.w.org\/{rel}","templated":true}]}}