{"id":13593,"date":"2020-07-07T10:50:33","date_gmt":"2020-07-07T10:51:30","guid":{"rendered":"https:\/\/evotek.md\/?post_type=product&#038;p=13593"},"modified":"2023-02-28T13:23:35","modified_gmt":"2023-02-28T13:23:35","slug":"friteuza-pe-gaz-emp-pls-9fg020","status":"publish","type":"product","link":"https:\/\/evotek.md\/ro\/produse\/echipamente-pentru-fast-food\/friteuze-2\/friteuza-pe-gaz-emp-pls-9fg020\/","title":{"rendered":"FRITEUZA PE GAZ, 24+24 LITRI -EMP.PLS.9FG020"},"content":{"rendered":"<p><strong>FRITEUZA PE GAZ, 24+24 LITRI<\/strong>\u00a0<strong>-EMP.PLS.9FG020- <\/strong>Friteuza ad\u00e2nc\u0103 este folosit\u0103 \u00een alimenta\u021bia public\u0103 \u0219i comer\u021b pentru a preg\u0103ti o gam\u0103 larg\u0103 de feluri de m\u00e2ncare \u00eentr-o cantitate mare de ulei sau gr\u0103sime. \u00centr-o friteuz\u0103 profesional\u0103 ad\u00e2nc\u0103, pute\u021bi g\u0103ti chipsuri, cartofi pr\u0103ji\u021bi, diverse tipuri de gogo\u0219i, pl\u0103cinte, precum \u0219i carne \u0219i pe\u0219te cu o crust\u0103 crocant\u0103. Caracteristici: valve de siguran\u021b\u0103 magnetice; Co\u0219uri din inox; Termostat de siguran\u021b\u0103 pentru protec\u021bie \u00eempotriva supra\u00eenc\u0103lzirii; U\u0219or de cur\u0103\u021bat \u0219i igienic; Carcas\u0103 din inox.<\/p>\n<p>Caracteristici<\/p>\n<p>Num\u0103rul de cuve: 2<\/p>\n<p>Volumul: 2&#215;24 L<\/p>\n<p>Robinet de evacuare a uleiului<\/p>\n<p>Putere: 23.25 kW<\/p>\n<p>Greutate: 155 kg<\/p>\n<p>Parametri: 800x900x850 mm<\/p>\n<p>Consumul de gaze naturale: 2,45 m3 \/ h<\/p>\n<p>Consumul de gaz GPL: 1,22 kg \/ h<\/p>\n<p>&nbsp;<\/p>\n","protected":false},"excerpt":{"rendered":"<p>Friteuz\u0103 pe gaz cu capacitatea de 24 litri. Putere: 23.25 kW; Greutate: 155 kg; Parametri: 800x900x850 mm; Consumul de gaze naturale: 2,45 m3 \/ h; Consumul de gaz GPL: 1,22 kg \/ h.<\/p>\n","protected":false},"featured_media":13588,"template":"","meta":[],"_links":{"self":[{"href":"https:\/\/evotek.md\/ro\/wp-json\/wp\/v2\/product\/13593"}],"collection":[{"href":"https:\/\/evotek.md\/ro\/wp-json\/wp\/v2\/product"}],"about":[{"href":"https:\/\/evotek.md\/ro\/wp-json\/wp\/v2\/types\/product"}],"wp:featuredmedia":[{"embeddable":true,"href":"https:\/\/evotek.md\/ro\/wp-json\/wp\/v2\/media\/13588"}],"wp:attachment":[{"href":"https:\/\/evotek.md\/ro\/wp-json\/wp\/v2\/media?parent=13593"}],"curies":[{"name":"wp","href":"https:\/\/api.w.org\/{rel}","templated":true}]}}