{"id":1359,"date":"2020-02-06T13:20:20","date_gmt":"2020-02-06T13:20:20","guid":{"rendered":"https:\/\/evotek.md\/?post_type=product&#038;p=1359"},"modified":"2020-02-26T09:05:36","modified_gmt":"2020-02-26T09:05:36","slug":"fierbator-pentru-orez-hkn-sr270","status":"publish","type":"product","link":"https:\/\/evotek.md\/ro\/produse\/echipamente-termice\/fierbatoare-de-orez-si-termosuri\/fierbator-pentru-orez-hkn-sr270\/","title":{"rendered":"FIERB\u0102TOR PENTRU OREZ HKN-SR270"},"content":{"rendered":"<p><strong>FIERB\u0102TOR PENTRU OREZ<\/strong><strong> HKN-SR270<\/strong> &#8211; Fierbator profesional pentru orez dotat cu recipient de g\u0103tire deta\u0219abil, cu carcas\u0103 \u0219i capac din inox. Poate fi utilizat pentru orez fiert, oua, legume si fructe de mare. Este folosit \u00een buc\u0103t\u0103riile profesionale pentru a prepara \u00een cantit\u0103\u021bi mari.<\/p>\n<p>Aparatul este echipat cu un sistem automat de g\u0103tit \u0219i control al temperaturii, ceea ce face utilizarea sa simpl\u0103 \u0219i convenabil\u0103. Structura acestui model include o cup\u0103 pentru m\u0103surare \u0219i o lingur\u0103. Volumul rezervorului de ap\u0103 este de 27 litri, iar capacitatea produsului (orez) este de 9 litri.<\/p>\n<p>Caracteristici<\/p>\n<p>Brand Hurakan<\/p>\n<p>Dimensiuni: 545x545x455 mm<\/p>\n<p>Putere: 2,85 kW<\/p>\n<p>Greutate net\u0103: 15,4 kg<\/p>\n","protected":false},"excerpt":{"rendered":"<p>Fierb\u0103tor pentru orez cu volumul rezervorului pentru ap\u0103 de 27 litri, iar capacitatea produsului (orez) de 9 litri. Dimensiuni: 545x545x455 mm; Conectare: 230 V; Putere: 2,85 kW; Greutate net\u0103: 15,4 kg.<\/p>\n","protected":false},"featured_media":1358,"template":"","meta":[],"_links":{"self":[{"href":"https:\/\/evotek.md\/ro\/wp-json\/wp\/v2\/product\/1359"}],"collection":[{"href":"https:\/\/evotek.md\/ro\/wp-json\/wp\/v2\/product"}],"about":[{"href":"https:\/\/evotek.md\/ro\/wp-json\/wp\/v2\/types\/product"}],"wp:featuredmedia":[{"embeddable":true,"href":"https:\/\/evotek.md\/ro\/wp-json\/wp\/v2\/media\/1358"}],"wp:attachment":[{"href":"https:\/\/evotek.md\/ro\/wp-json\/wp\/v2\/media?parent=1359"}],"curies":[{"name":"wp","href":"https:\/\/api.w.org\/{rel}","templated":true}]}}