{"id":13573,"date":"2020-07-03T13:06:30","date_gmt":"2020-07-03T13:07:28","guid":{"rendered":"https:\/\/evotek.md\/?post_type=product&#038;p=13573"},"modified":"2025-03-06T08:13:51","modified_gmt":"2025-03-06T08:13:51","slug":"friteuza-electrica-emp-pls-9fe010","status":"publish","type":"product","link":"https:\/\/evotek.md\/ro\/produse\/echipamente-pentru-fast-food\/friteuze-2\/friteuza-electrica-emp-pls-9fe010\/","title":{"rendered":"FRITEUZA ELECTRICA, 24 LITRI -EMP.PLS.9FE010"},"content":{"rendered":"<p><strong>FRITEUZA ELECTRICA, 24 LITRI -EMP.PLS.9FE010- <\/strong>Friteuza este folosit\u0103 \u00een alimenta\u021bie public\u0103 \u0219i comer\u021b pentru a preg\u0103ti o gam\u0103 larg\u0103 de feluri de m\u00e2ncare \u00eentr-o cantitate mare de ulei sau gr\u0103sime. \u00cen aceast\u0103 friteuz\u0103 pute\u021bi g\u0103ti chipsuri, cartofi pr\u0103ji\u021bi, diverse tipuri de gogo\u0219i, pl\u0103cinte, precum \u0219i carne, pe\u0219te cu o crust\u0103 crocant\u0103.<\/p>\n<p>Caracteristici<br \/>\nPutere: 18 kW<br \/>\nSursa de alimentare: 400 V<br \/>\nSec\u021biunea transversal\u0103 a cablului: 5&#215;4 mm<br \/>\nCapacitate: 24 L<br \/>\nDimensiuni: 400x900x850 mm<br \/>\nGreutate: 70 kg<br \/>\nControl: mecanic<br \/>\nMod temperatur\u0103: +100&#8230;+180 \u00b0C<\/p>\n<p>&nbsp;<\/p>\n<p>&nbsp;<\/p>\n","protected":false},"excerpt":{"rendered":"<p>Friteuz\u0103 electric\u0103 cu capacitatea de 24 l. Putere: 18 kW; Sursa de alimentare: 400 V; Sec\u021biunea transversal\u0103 a cablului 5&#215;4 mm; Capacitate: 24 L; Dimensiuni: 400x900x850 mm; Greutate: 70 kg; Control: mecanic; Mod temperatur\u0103: +100&#8230;+180 \u00b0C.<\/p>\n<p>&nbsp;<\/p>\n","protected":false},"featured_media":13571,"template":"","meta":[],"_links":{"self":[{"href":"https:\/\/evotek.md\/ro\/wp-json\/wp\/v2\/product\/13573"}],"collection":[{"href":"https:\/\/evotek.md\/ro\/wp-json\/wp\/v2\/product"}],"about":[{"href":"https:\/\/evotek.md\/ro\/wp-json\/wp\/v2\/types\/product"}],"wp:featuredmedia":[{"embeddable":true,"href":"https:\/\/evotek.md\/ro\/wp-json\/wp\/v2\/media\/13571"}],"wp:attachment":[{"href":"https:\/\/evotek.md\/ro\/wp-json\/wp\/v2\/media?parent=13573"}],"curies":[{"name":"wp","href":"https:\/\/api.w.org\/{rel}","templated":true}]}}